{"id":1411,"date":"2014-07-20T19:44:07","date_gmt":"2014-07-20T17:44:07","guid":{"rendered":"https:\/\/www.assobayen.net\/Wordpress\/?page_id=1411"},"modified":"2024-02-19T15:16:45","modified_gmt":"2024-02-19T14:16:45","slug":"news-pre-ado-2014","status":"publish","type":"page","link":"https:\/\/www.assobayen.net\/Wordpress\/camps-2014\/news-pre-ado-2014\/","title":{"rendered":"News Pr\u00e9-Ados 2014"},"content":{"rendered":"<p><strong>Mercredi 30 juillet<\/strong><\/p>\n<p>Bonsoir,<br \/>\nAujourd&rsquo;hui la pluie s&rsquo;est enfin arr\u00eat\u00e9e et nous avons pu retourner en montagne.<br \/>\nTout le groupe est arriv\u00e9 en haut du Pic du Midi qui culmine \u00e0 2 877 m\u00e8tres. C&rsquo;est donc un bel exploit pour tout le monde.<br \/>\nEn revanche la vue sublime n&rsquo;\u00e9tait pas au rendez-vous car les nuages \u00e9taient trop hauts, nous n&rsquo;avons pas pu passer par dessus, c&rsquo;est dommage. Il faudra y retourner !<br \/>\nCe soir nous esp\u00e9rons pouvoir faire notre chasse \u00e0 l&rsquo;animateur et danser un peu, le couvre-feu est repouss\u00e9 \u00e0 minuit pour que nous profitions bien de la derni\u00e8re soir\u00e9e.<br \/>\nDemain il faut tout ranger et nettoyer avant de partir et de laisser la place au camp enfants.<br \/>\nNous devons arriver \u00e0 17h09 en gare de Bordeaux&#8230; si tout va bien. Nous gardons vos num\u00e9ros avec nous au cas o\u00f9 la SNCF nous jouerait \u00e0 nouveau des tours.<br \/>\n\u00c0 demain, profitez bien de votre derni\u00e8re soir\u00e9e sans vos enfants.<\/p>\n<p><strong>Mardi 29 juillet<\/strong><\/p>\n<p>Bonsoir,<br \/>\nAujourd&rsquo;hui aussi le temps \u00e9tait assez maussade&#8230;<br \/>\nCe matin, apr\u00e8s avoir dormi assez tard, certains sont descendus \u00e0 Luz pour y faire des achats, pendant que les autres faisaient des jeux \u00e0 la grange ou au city-stade de Sazos.<br \/>\nCet apr\u00e8s-midi, nous avons fait nos \u00ab\u00a0eaux-lympiades\u00a0\u00bb, mais en rempla\u00e7ant les jeux qui nous auraient mouill\u00e9s par des jeux plus secs, et personne n&rsquo;a \u00e9t\u00e9 arros\u00e9.<br \/>\nNous n&rsquo;avons toujours pas pu faire la chasse de nuit \u00e0 l&rsquo;animateur, car il a encore plu hier soir, mais, quel que soit le temps, nous ne la ferons pas aujourd&rsquo;hui.<br \/>\nEn effet, la veill\u00e9e se doit d&rsquo;\u00eatre calme et courte, car demain nous nous levons \u00e0 5h30 pour partir gravir le Pic du Midi, en haut duquel nous devrions passer au-dessus des nuages, s&rsquo;il sont toujours l\u00e0, et avoir une vue magnifique.<br \/>\nNous vous raconterons cela demain soir.<\/p>\n<p><strong>Lundi 28 juillet<\/strong><\/p>\n<p>Bonjour \u00e0 tous,<br \/>\nAujourd&rsquo;hui nous sommes rest\u00e9s \u00e0 la grange pour cause de mauvais temps.<br \/>\nLa matin\u00e9e \u00e0 \u00e9t\u00e9 tranquille, entre repos, shopping \u00e0 Luz pour la moiti\u00e9 du groupe, rangement des dortoirs et petits jeux calmes.<br \/>\nL&rsquo;apr\u00e8s-midi \u00e0 \u00e9t\u00e9 plus agit\u00e9e, nous avons fait plusieurs jeux (K-way musicaux, b\u00e9ret am\u00e9lior\u00e9&#8230;) et un concours de \u00ab\u00a04 chaises\u00a0\u00bb, un jeu d&rsquo;\u00e9quilibre.<br \/>\nLe temps s&rsquo;est am\u00e9lior\u00e9 au cours de la journ\u00e9e et il ne devrait pas pleuvoir dans la soir\u00e9e, nous comptons donc faire une grande chasse \u00e0 l&rsquo;animateur dans Sazos, histoire de ressentir de doux frissons.<br \/>\nDemain, selon le temps, nous ferons les \u00ab\u00a0eaux-lympiades\u00a0\u00bb que nous avions pr\u00e9vues ou de simples olympiades, voire des jeux d&rsquo;int\u00e9rieur. Croisons les doigts pour que le soleil se montre et que la temp\u00e9rature remonte.<br \/>\n\u00c0 propos de temp\u00e9rature, nous avons \u00e9t\u00e9 contraints d&rsquo;annuler le bivouac pour cause de froid en altitude (il est pr\u00e9vu qu&rsquo;il neige \u00e0 2400 m). Mais nous ferons quand m\u00eame l&rsquo;ascension du Pic du midi dans la journ\u00e9e de mercredi pour clore le s\u00e9jour en beaut\u00e9 !<br \/>\nComme vous le voyez, depuis quelques jours nous changeons le programme en permanence car \u00ab\u00a0c&rsquo;est la montagne qui d\u00e9cide\u00a0\u00bb ou plut\u00f4t le temps qu&rsquo;il y fait&#8230;<br \/>\nPassez une bonne soir\u00e9e et \u00e0 demain.<\/p>\n<p><strong>Dimanche 27 juillet<\/strong><\/p>\n<p>Bonsoir \u00e0 tous,<br \/>\nApr\u00e8s une grasse matin\u00e9e bien m\u00e9rit\u00e9e et quelques jeux \u00e0 la grange, nous avons pass\u00e9 l&rsquo;apr\u00e8s-midi entre les mains des professionnels du Relais d&rsquo;Isaby.<br \/>\nLe rafting c&rsquo;est \u00ab\u00a0gav\u00e9 cal\u00e9\u00a0\u00bb.<br \/>\nNous avons altern\u00e9 entre les batailles d&rsquo;eau ou les plongeons plus ou moins volontaires lorsque l&rsquo;eau \u00e9tait calme, et la descente de rapides.<br \/>\nQue de sensations et de rires, c&rsquo;\u00e9tait vraiment un tr\u00e8s bon moment pour tout le monde!<br \/>\nLa veill\u00e9e de ce soir va pouvoir \u00eatre un peu plus longue que d&rsquo;habitude car nous allons pouvoir dormir \u00e0 nouveau demain matin.<br \/>\nNous avons en effet repouss\u00e9 le bivouac, car la m\u00e9t\u00e9o s&rsquo;annonce meilleure pour les deux derniers jours.<br \/>\nJe garde la surprise car je suis lue par des yeux indiscrets : je vous raconterai cela demain.<br \/>\nBonne soir\u00e9e \u00e0 tous.<\/p>\n<p><strong>Samedi 26 juillet<\/strong><\/p>\n<p>Bonsoir,<br \/>\nAujourd&rsquo;hui nous avons eu tr\u00e8s beau temps, nous sommes donc all\u00e9s en montagne.<br \/>\nLa vue depuis le col de Riou \u00e9tait vraiment magnifique.<br \/>\nNous y avons rencontr\u00e9 R\u00e9mi le Berger, qui passe tous les ans les mois de juin \u00e0 octobre \u00e0 l&rsquo;estive, en pleine montagne, dans une cabane superbement am\u00e9nag\u00e9e, que nous avons eu le plaisir de d\u00e9couvrir.<br \/>\nPuis nous sommes descendus jusqu&rsquo;au Pont d&rsquo;Espagne, par le Chemin des Cascades.<br \/>\nNous avons donc pass\u00e9 une vraie journ\u00e9e montagne et la fatigue se fait sentir ce soir.<br \/>\nCela tombe bien car demain matin il est pr\u00e9vu que l&rsquo;on se repose avant le rafting : grasse matin\u00e9e pour tous.<br \/>\nBonne soir\u00e9e \u00e0 tous.<br \/>\n\u00c0 demain.<\/p>\n<p><strong>Vendredi 25 juillet<\/strong><\/p>\n<p>Bonsoir,<br \/>\nEn raison de mauvaises pr\u00e9visions m\u00e9t\u00e9o, nous avons annul\u00e9 le bivouac et nous ne sommes pas partis en montagne.<br \/>\nCe matin, nous avons fait des jeux dans la grange : cela a \u00e9t\u00e9 tr\u00e8s appr\u00e9ci\u00e9, la pluie me nous a donc pas vraiment d\u00e9rang\u00e9s.<br \/>\nCet apr\u00e8s-midi, une belle \u00e9claircie nous a laiss\u00e9 le temps pour un grand jeu : un rallye photos dans Sazos.<br \/>\nPar \u00e9quipe de 5 ou 6, les jeunes devaient r\u00e9soudre des \u00e9nigmes pour trouver des lieux ou des objets dont ils devaient rapporter les photos pour marquer des points.<br \/>\nC&rsquo;\u00e9tait \u00ab\u00a0trop swag\u00a0\u00bb, et les Cachalots furtifs ont gagn\u00e9.<br \/>\nNous avons termin\u00e9 le jeu juste avant le retour de la pluie, et donc bien profit\u00e9 de notre journ\u00e9e malgr\u00e9 les caprices du temps!<br \/>\nFaute de bivouac, nous ferons ce soir notre veill\u00e9e \u00ab\u00a0loup-garou\u00a0\u00bb dans la grange.<br \/>\nSi la m\u00e9t\u00e9o nous le permet nous ferons demain ce qui \u00e9tait pr\u00e9vu aujourd&rsquo;hui, \u00e0 savoir le passage du col de Riou et la descente jusqu&rsquo;\u00e0 Cauterets.<br \/>\nNous vous raconterons cela demain soir.<br \/>\nPortez-vous bien et \u00e0 demain.<\/p>\n<p><strong>Jeudi 24 juillet<\/strong><\/p>\n<p>Bonsoir \u00e0 tous,<br \/>\nQuelle journ\u00e9e! Nous sommes tous ravis mais \u00e9puis\u00e9s!<br \/>\nCe matin nous avons profit\u00e9 des diff\u00e9rents parcours d&rsquo;accrobranche pendant plus de deux heures, avant d&rsquo;aller faire la \u00ab\u00a0m\u00e9ga-tyrolienne\u00a0\u00bb qui passe au dessus du gave, dans un sens, puis dans l&rsquo;autre. Que de sensations! Les jeunes qui l&rsquo;ont fait ont tous ador\u00e9&#8230;<br \/>\nApr\u00e8s un pique-nique bien m\u00e9rit\u00e9, nous nous sommes s\u00e9par\u00e9s en deux groupes.<br \/>\nCertains ont choisi d&rsquo;aller voir passer le Tour de France, alors que les autres ont pr\u00e9f\u00e9r\u00e9 aller \u00e0 la piscine.<br \/>\nMaintenant, douche, repas, vaisselle, veill\u00e9e et dodo&#8230;<br \/>\nBonne soir\u00e9e et \u00e0 demain.<\/p>\n<p><strong>Mercredi 23 juillet<\/strong><\/p>\n<p>Bonsoir,<br \/>\nNous avons toujours un temps radieux ce qui nous a permis de passer une bonne journ\u00e9e en montagne. Nous sommes all\u00e9s \u00e0 Ayguecluse, ce qui signifie \u00ab\u00a0eau close\u00a0\u00bb. Le lieu est appel\u00e9 ainsi en raison d&rsquo;un cours d&rsquo;eau qui, enferm\u00e9 par le relief, fait demi-tour pour glisser sous la roche et en ressortir en contrebas.<br \/>\nNous avons admir\u00e9 de nombreuses fleurs, en particulier un champ d&rsquo;iris impressionnant. Nous sommes all\u00e9s jusqu&rsquo;au Pas de l&rsquo;ours et les plus courageux on pouss\u00e9 jusqu&rsquo;\u00e0 la cabane d&rsquo; Ayguecluse pendant que les autres se trempaient les pieds dans le ruisseau.<br \/>\nNous sommes tous bien fatigu\u00e9s mais tr\u00e8s contents.<br \/>\nDemain matin nous allons \u00e0 l&rsquo;accrobranche, puis, au choix, voir le Tour de France passer ou profiter de la piscine municipale de Luz.<br \/>\nBonne soir\u00e9e et \u00e0 demain.<\/p>\n<p><strong>Mardi 22 juillet<\/strong><\/p>\n<p>Bonsoir \u00e0 tous,<br \/>\nAujourd&rsquo;hui nous avons profit\u00e9 d&rsquo;un temps magnifique pour faire notre premi\u00e8re ballade. Nous avons vu le cirque de Troumouse o\u00f9 nous attendaient non pas des acrobates et des clowns mais des marmottes, pour notre plus grand plaisir.<br \/>\nNous avons ensuite march\u00e9 \u00e0 flanc de montagne parmi d&rsquo;innombrables vari\u00e9t\u00e9s de fleurs pour rejoindre le lac des Gloriettes.<br \/>\nNous avons \u00e9t\u00e9 survol\u00e9s de pr\u00e8s par des vautours majestueux!<br \/>\nApr\u00e8s le pique-nique, nous avons pris le temps de nous d\u00e9tendre pr\u00e8s d&rsquo;un ruisseau o\u00f9 certains se sont tremp\u00e9 les pieds, pendant que d&rsquo;autres jouaient aux cartes.<br \/>\nPuis nous avons fini notre promenade en contournant le lac des Gloriettes dont l&rsquo;eau est d&rsquo;un bleu superbe.<br \/>\nDemain, nous irons voir la vall\u00e9e d&rsquo;Ayguecluse, nous esp\u00e9rons que nous aurons l\u00e0-bas aussi l&rsquo;occasion d&rsquo;admirer des animaux des Pyr\u00e9n\u00e9es&#8230;<br \/>\nA demain.<\/p>\n<p><strong>Lundi 21 juillet<\/strong><\/p>\n<p>Bonsoir \u00e0 tous,<br \/>\nMalgr\u00e9 une bonne heure de retard du train, nous sommes bien arriv\u00e9s \u00e0 Bayen. Certains ont d\u00e9couvert la grange, les autres l&rsquo;ont retrouv\u00e9e et nous nous sommes tous install\u00e9s confortablement.<br \/>\nNous avons ensuite visit\u00e9 le petit village de Sazos avec son architecture typiquement pyr\u00e9n\u00e9enne, son \u00e9glise, son lavoir et ses moulins. Nous avons aussi bu \u00e0 la tr\u00e8s c\u00e9l\u00e8bre source du b\u00e9lier.<br \/>\nNous nous pr\u00e9parons \u00e0 passer notre premi\u00e8re soir\u00e9e tous ensemble et \u00e0 apprendre \u00e0 nous conna\u00eetre.<br \/>\nAu programme de demain, il y a la d\u00e9couverte du cirque de Troumouse et du lac des Gloriettes.<br \/>\nNous vous donnerons nos impressions au retour.<br \/>\nA demain.<\/p>\n","protected":false},"excerpt":{"rendered":"<p>Mercredi 30 juillet Bonsoir, Aujourd&rsquo;hui la pluie s&rsquo;est enfin arr\u00eat\u00e9e et nous avons pu retourner en montagne. Tout le groupe est arriv\u00e9 en haut du Pic du Midi qui culmine \u00e0 2 877 m\u00e8tres. C&rsquo;est donc un bel exploit pour tout le monde. En revanche la vue sublime n&rsquo;\u00e9tait pas au rendez-vous car les nuages [&hellip;]<\/p>\n","protected":false},"author":22,"featured_media":0,"parent":1407,"menu_order":1,"comment_status":"closed","ping_status":"open","template":"","meta":{"footnotes":""},"class_list":["post-1411","page","type-page","status-publish","hentry"],"_links":{"self":[{"href":"https:\/\/www.assobayen.net\/Wordpress\/wp-json\/wp\/v2\/pages\/1411","targetHints":{"allow":["GET"]}}],"collection":[{"href":"https:\/\/www.assobayen.net\/Wordpress\/wp-json\/wp\/v2\/pages"}],"about":[{"href":"https:\/\/www.assobayen.net\/Wordpress\/wp-json\/wp\/v2\/types\/page"}],"author":[{"embeddable":true,"href":"https:\/\/www.assobayen.net\/Wordpress\/wp-json\/wp\/v2\/users\/22"}],"replies":[{"embeddable":true,"href":"https:\/\/www.assobayen.net\/Wordpress\/wp-json\/wp\/v2\/comments?post=1411"}],"version-history":[{"count":24,"href":"https:\/\/www.assobayen.net\/Wordpress\/wp-json\/wp\/v2\/pages\/1411\/revisions"}],"predecessor-version":[{"id":2353,"href":"https:\/\/www.assobayen.net\/Wordpress\/wp-json\/wp\/v2\/pages\/1411\/revisions\/2353"}],"up":[{"embeddable":true,"href":"https:\/\/www.assobayen.net\/Wordpress\/wp-json\/wp\/v2\/pages\/1407"}],"wp:attachment":[{"href":"https:\/\/www.assobayen.net\/Wordpress\/wp-json\/wp\/v2\/media?parent=1411"}],"curies":[{"name":"wp","href":"https:\/\/api.w.org\/{rel}","templated":true}]}}