{"id":1635,"date":"2015-07-20T06:46:05","date_gmt":"2015-07-20T04:46:05","guid":{"rendered":"https:\/\/www.assobayen.net\/Wordpress\/?page_id=1635"},"modified":"2024-02-19T15:16:45","modified_gmt":"2024-02-19T14:16:45","slug":"les-nouvelles-du-camp-enfants-2015","status":"publish","type":"page","link":"https:\/\/www.assobayen.net\/Wordpress\/camps-2015\/les-nouvelles-du-camp-enfants-2015\/","title":{"rendered":"News Enfants 2015"},"content":{"rendered":"<p><b> Dimanche 26 juillet <\/b><br \/>\nBonsoir,<br \/>\nCe matin, les enfants sont all\u00e9s \u00e0 Luz Saint Sauveur pour trouver leurs souvenirs. Ce moment de shopping tant attendu a \u00e9t\u00e9 tr\u00e8s appr\u00e9ci\u00e9.<br \/>\nApr\u00e8s le d\u00e9jeuner, nous avons fait le grand jeu dans Sazos. Les \u00e9quipes aux noms pittoresques (les boulons marrons, les cl\u00e9s \u00e0 molettes violettes, les scies gris souris et les \u00e9crous roux) ont jou\u00e9 \u00e0 des jeux sportifs, d\u2019adresse ou de r\u00e9flexion pour gagner des outils pour r\u00e9parer l\u2019arriv\u00e9e d\u2019eau de la grange, myst\u00e9rieusement coup\u00e9e.<br \/>\nEn ce moment, tout le monde se met sur son trente et un pour la grande soir\u00e9e \u00ab boom \u00bb. Encore un moment fort du s\u00e9jour !<br \/>\nDemain malheureusement il faut ranger les affaires, remettre la grange en ordre et rentrer \u00e0 Bordeaux, mais les enfants vous reviennent des souvenirs plein la t\u00eate\u2026<br \/>\nBonne soir\u00e9e et \u00e0 l\u2019ann\u00e9e prochaine !<\/p>\n<p><b> Samedi 25 juillet <\/b><br \/>\nBonsoir \u00e0 tous,<br \/>\nAujourd\u2019hui la m\u00e9t\u00e9o n\u2019a pas vraiment \u00e9t\u00e9 cl\u00e9mente avec nous. Nous sommes partis en balade dans le cirque de Troumouse sous un couvercle de nuages, qui ne s\u2019est pas lev\u00e9 pendant tout le temps de notre marche. Nous sommes pass\u00e9s dans le cirque d\u2019Estaub\u00e9 pour faire le tour du lac des Gloriettes, toujours dans les nuages. Nous n\u2019avons pas tellement pu admirer le paysage mais nous avons eu la chance de voir des marmottes, dont une d\u2019assez pr\u00e8s, et des vautours.<br \/>\nHeureusement, le soleil a fait une timide perc\u00e9e pendant notre pique-nique au bord du torrent, et les enfants ont fait quelques ricochets.<br \/>\nCe soir, les enfants ont r\u00e9clam\u00e9 de jouer de nouveau au Loup Garou, donc nous allons nous replonger dans cette ambiance d\u00e9licieusement effrayante\u2026<br \/>\nDemain matin, les enfants pourront faire leurs emplettes avant de finir le camp en beaut\u00e9 avec le grand jeu.<br \/>\nBonne soir\u00e9e<\/p>\n<p><b> Vendredi 24 juillet <\/b><br \/>\nBonsoir \u00e0 tous,<br \/>\nEncore une journ\u00e9e bien remplie ! Les enfants ont jou\u00e9 les acrobates dans les arbres toute la matin\u00e9e et se sont beaucoup amus\u00e9. Certains \u00e9taient tr\u00e8s dou\u00e9s et ont m\u00eame fait le parcours noir, le plus difficile ! Les tyroliennes leur ont fait tourner la t\u00eate.<br \/>\nCet apr\u00e8s \u2013midi, nous sommes all\u00e9s nous rafra\u00eechir \u00e0 la piscine. Nous avons eu droit \u00e0 un beau concours de plongeons et \u00e0 des \u00e9claboussures \u00e0 foison.<br \/>\nCe soir, le temps est plus couvert, et nous n\u2019avons malheureusement pas pu partir en bivouac. Nous allons faire une grande veill\u00e9e \u00ab th\u00e9\u00e2tre \u00bb, et les enfants vont devoir faire appel \u00e0 leur imagination et \u00e0 leur meilleur jeu d\u2019acteur.<br \/>\nDemain, nous partons de bonne heure en montagne pour notre derni\u00e8re balade, de la cabane de Groutte au lac des Gloriettes. C\u2019est un paysage magnifique qui nous attend.<br \/>\nBonne soir\u00e9e<\/p>\n<p><b> Jeudi 23 juillet <\/b><br \/>\nBonsoir,<br \/>\nEncore une belle journ\u00e9e aujourd\u2019hui ! Ce matin, nous avons fait une balade depuis la grange jusqu\u2019au Gave de Pau qui coule en contrebas. Enfants et animateurs ont organis\u00e9 un concours de ricochets. Beaucoup de remous dans l\u2019eau et de belles r\u00e9ussites !<br \/>\nCet apr\u00e8s-midi nous sommes partis pour le Donjon des aigles. L\u2019imposant ch\u00e2teau abrite de nombreux rapaces, du plus petit au plus grand. Nous avons assist\u00e9 au spectacle de vol des oiseaux. Emotions fortes garanties ! Les vautours ont ras\u00e9 nos t\u00eates et certains enfants ont m\u00eame port\u00e9 un perroquet sur leur bras. Le tout sous un tr\u00e8s beau soleil.<br \/>\nCe soir nous avons pr\u00e9vu une grande veill\u00e9e par \u00e9quipes avec diff\u00e9rents stands de jeu, le but \u00e9tant de r\u00e9unir des indices pour retrouver la marmotte cach\u00e9e quelque part dans les locaux\u2026<br \/>\nDemain matin nous ferons de l\u2019accrobranche, encore des sensations fortes !<br \/>\nBonne soir\u00e9e \u00e0 tous<\/p>\n<p><b> Mercredi 22 juillet <\/b><br \/>\nBonsoir,<br \/>\nLe temps a finalement \u00e9t\u00e9 assez cl\u00e9ment aujourd\u2019hui. La pluie est arriv\u00e9e seulement ce soir, et nous avons eu une belle journ\u00e9e.<br \/>\nCe matin, nous nous sommes lanc\u00e9s dans la construction d\u2019instruments de musique artisanaux : tambours, b\u00e2tons de pluie et m\u00eame fl\u00fbte de Pan, que les enfants ont joliment d\u00e9cor\u00e9s. Nous allons former un joyeux orchestre !<br \/>\nCet apr\u00e8s-midi, nous sommes partis jouer \u00e0 l\u2019aire de jeu de Sazos. La partie de Poule Renard Vip\u00e8re a \u00e9t\u00e9 endiabl\u00e9e, et les rires \u00e9taient au rendez-vous ! Ensuite, place \u00e0 une mini bataille d\u2019eau rafraichissante avant d\u2019aller au cin\u00e9ma voir Vice Versa, le film de Disney Pixar, que les enfants ont ador\u00e9 !<br \/>\nCe soir, la veill\u00e9e tant attendue et pl\u00e9biscit\u00e9e : le Loup Garou ! Avec des chamalows grill\u00e9s dans la chemin\u00e9e, quel d\u00e9lice !<br \/>\nDemain nous resterons \u00e0 la grange le matin, et nous testerons nos instruments tout neufs (attention \u00e0 la cacophonie !). Ensuite nous partirons pour le Donjon des aigles, pour d\u00e9couvrir les grands rapaces des Pyr\u00e9n\u00e9es.<\/p>\n<p><b> Mardi 21 juillet <\/b><\/p>\n<p>Bonsoir \u00e0 tous,<br \/>\nAujourd&rsquo;hui, nous sommes partis pour notre premi\u00e8re longue balade du pont d&rsquo;Espagne au lac de Gaube. De cascade en paysagess pittoresque (que vous retrouverez sur les photos !), nous avons pu voir les neiges \u00e9ternelles, voire en toucher. Au cours de la balade, les enfants ont pu d\u00e9couvrir les sp\u00e9cialit\u00e9s des Pyr\u00e9n\u00e9es : confiture de myrtille, miel, g\u00e2teau \u00e0 la broche&#8230; Nous avons eu le temps de d\u00e9jeuner au bord du lac avant de redescendre pour \u00e9viter l&rsquo;orage. La descente certes p\u00e9rilleuse a vu tout son petit monde rentrer sans incident.<br \/>\nNous avons entendu pour la premi\u00e8re fois le besoin d&rsquo;aller se coucher de bonne heure&#8230; Trois heures et demi de marche, \u00e7a fatigue !<br \/>\nCe soir Olivier et Sylviane nous ont pr\u00e9par\u00e9 de quoi se reconstituer en attendant la veill\u00e9e. Veill\u00e9e plac\u00e9e sous le signe de multiples jeux, comme le d\u00e9sormais c\u00e9l\u00e8bre volley PQ et un \u00ab\u00a0Qui suis-je ?\u00a0\u00bb qui r\u00e9serve toujours de bons fous-rires.<br \/>\nDemain malheureusement la m\u00e9t\u00e9o est mauvaise, et nous sommes oblig\u00e9s de changer notre programme. Nous vous tiendrons au courant lors de notre prochain message.<\/p>\n<p><b> Lundi 20 juillet <\/b><br \/>\nBonsoir \u00e0 tous,<br \/>\nQuelques \u00e9nigmes et sandwiches plus tard, nous sommes bien arriv\u00e9s \u00e0 la grange. Nous avons crois\u00e9 les pr\u00e9ados et les fr\u00e8res et s\u0153urs ont pu se faire un bisous.<br \/>\nArriv\u00e9s \u00e0 la grange nous avons go\u00fbt\u00e9 et les enfants ont pris leurs quartiers, avant d&rsquo;aller faire une balade et des jeux \u00e0 Sazos.<br \/>\nNous allons maintenant d\u00e9finir avec les enfants les r\u00e8gles de vie et leur pr\u00e9senter le dur labeur qui les attend :les services !<br \/>\nCe soir nous ferons une veill\u00e9e pour que les enfants apprennent \u00e0 se conna\u00eetre.<br \/>\nDemain, nous ferons une balade au pont d&rsquo;Espagne.<br \/>\nBonne soir\u00e9e<\/p>\n","protected":false},"excerpt":{"rendered":"<p>Dimanche 26 juillet Bonsoir, Ce matin, les enfants sont all\u00e9s \u00e0 Luz Saint Sauveur pour trouver leurs souvenirs. Ce moment de shopping tant attendu a \u00e9t\u00e9 tr\u00e8s appr\u00e9ci\u00e9. Apr\u00e8s le d\u00e9jeuner, nous avons fait le grand jeu dans Sazos. Les \u00e9quipes aux noms pittoresques (les boulons marrons, les cl\u00e9s \u00e0 molettes violettes, les scies gris [&hellip;]<\/p>\n","protected":false},"author":16,"featured_media":0,"parent":2299,"menu_order":1,"comment_status":"closed","ping_status":"open","template":"","meta":{"footnotes":""},"class_list":["post-1635","page","type-page","status-publish","hentry"],"_links":{"self":[{"href":"https:\/\/www.assobayen.net\/Wordpress\/wp-json\/wp\/v2\/pages\/1635","targetHints":{"allow":["GET"]}}],"collection":[{"href":"https:\/\/www.assobayen.net\/Wordpress\/wp-json\/wp\/v2\/pages"}],"about":[{"href":"https:\/\/www.assobayen.net\/Wordpress\/wp-json\/wp\/v2\/types\/page"}],"author":[{"embeddable":true,"href":"https:\/\/www.assobayen.net\/Wordpress\/wp-json\/wp\/v2\/users\/16"}],"replies":[{"embeddable":true,"href":"https:\/\/www.assobayen.net\/Wordpress\/wp-json\/wp\/v2\/comments?post=1635"}],"version-history":[{"count":13,"href":"https:\/\/www.assobayen.net\/Wordpress\/wp-json\/wp\/v2\/pages\/1635\/revisions"}],"predecessor-version":[{"id":2351,"href":"https:\/\/www.assobayen.net\/Wordpress\/wp-json\/wp\/v2\/pages\/1635\/revisions\/2351"}],"up":[{"embeddable":true,"href":"https:\/\/www.assobayen.net\/Wordpress\/wp-json\/wp\/v2\/pages\/2299"}],"wp:attachment":[{"href":"https:\/\/www.assobayen.net\/Wordpress\/wp-json\/wp\/v2\/media?parent=1635"}],"curies":[{"name":"wp","href":"https:\/\/api.w.org\/{rel}","templated":true}]}}