{"id":1784,"date":"2016-07-11T15:04:07","date_gmt":"2016-07-11T13:04:07","guid":{"rendered":"https:\/\/www.assobayen.net\/Wordpress\/?page_id=1784"},"modified":"2024-02-19T15:16:45","modified_gmt":"2024-02-19T14:16:45","slug":"les-nouvelles-du-camp-enfants-2016","status":"publish","type":"page","link":"https:\/\/www.assobayen.net\/Wordpress\/camp-2016-2\/les-nouvelles-du-camp-enfants-2016\/","title":{"rendered":"News Enfants 2016"},"content":{"rendered":"<p><b>Dimanche 17 juillet<\/b><\/p>\n<p>Bonsoir \u00e0 tous,<\/p>\n<p>Tout d&rsquo;abord, pour ce dernier message, le r\u00e9sultat du Grand Jeu : ce sont les Isards qui ont triomph\u00e9, m\u00eame si ce fut extr\u00eamement serr\u00e9. Les Papas et les Mamans des membres de l&rsquo;\u00e9quipe auront fi\u00e8re allure quand ils iront faire leur jogging&#8230;<br \/>\nMais tout le monde a eu un lot : un savon 100% naturel, aux huiles douces, le plaisir de la peau&#8230;<\/p>\n<p>Contrairement \u00e0 ce que je vous avait dit hier, il y a bien eu une veill\u00e9e hier soir : Laura, de passage \u00e0 la Grange, a organis\u00e9 un Loup-Garou qui s&rsquo;est jou\u00e9 dehors, en pleine nuit, avec un simple lumignon pour \u00e9clairer le drame qui se jouait. C&rsquo;\u00e9tait \u00ab\u00a0gav\u00e9 bien\u00a0\u00bb.<\/p>\n<p>Ce matin, apr\u00e8s un r\u00e9veil \u00e0 8 heures, agr\u00e9ment\u00e9 par la traditionnelle chocolatine (nous sommes largement au sud de la Loire, on ne dit pas \u00ab\u00a0pain au chocolat\u00a0\u00bb), tout le monde s&rsquo;est pr\u00e9par\u00e9 pour l&rsquo;Accrobranche.<\/p>\n<p>Disons-le tout de suite : ce fut un franc succ\u00e8s. Les plus t\u00e9m\u00e9raires se sont lanc\u00e9s tout de suite \u00e0 l&rsquo;assaut des cimes et des tyroliennes, les plus timides ont r\u00e9ussi \u00e0 dompter leur appr\u00e9hension et ont r\u00e9alis\u00e9 des prouesses dont eux-m\u00eames ne s&rsquo;imaginaient pas capables. Le tout avec une s\u00e9curit\u00e9 absolue, accompagn\u00e9s par les animateurs, sous le regard vigilant de Julien et de son \u00e9quipe, tous dipl\u00f4m\u00e9s du Brevet d&rsquo;Etat.<\/p>\n<p>Apr\u00e8s un copieux pique-nique sur le th\u00e9\u00e2tre de leurs exploits, les enfants ont parcouru les trois cents m\u00e8tres qui les s\u00e9paraient de la piscine de Luz. Et cela tombait \u00e0 pic, car si le temps a \u00e9t\u00e9 plut\u00f4t frais en d\u00e9but de s\u00e9jour, le journ\u00e9e d&rsquo;aujourd&rsquo;hui se pr\u00eatait tout \u00e0 fait \u00e0 ce genre de joutes nautiques. Thierry avait \u00e9t\u00e9 inspir\u00e9 en modifiant le planning du s\u00e9jour&#8230;<\/p>\n<p>A l&rsquo;heure qu&rsquo;il est, tout le monde est de retour \u00e0 la Grange, et ce sont les pr\u00e9paratifs de la Boum. Je ne suis pas autoris\u00e9 \u00e0 m&rsquo;approcher des sanitaires, mais, si j&rsquo;en crois mon exp\u00e9rience des camps, chacun se pare de ses plus beaux atours. Les gar\u00e7ons doivent mettre sur leur t\u00eate une quantit\u00e9 de gel suffisante pour coller au sol la fus\u00e9e Ariane, tandis que les filles se font maquiller et tresser par les animatrices.<\/p>\n<p>En cuisine, Yank et Nadette l\u00e2chent la bride : si tout au long de la semaine nous avons propos\u00e9 une alimentation \u00e9quilibr\u00e9e, ce soir c&rsquo;est Nuggets de poulet, Hamburger (maison, tout de m\u00eame, avec un steack h\u00e2ch\u00e9 de notre boucher attitr\u00e9), frites, glaces, bonbons et soda. Trop g\u00e9nial.<\/p>\n<p>Mais pour ce qui concerne les repas, nous avons eu affaire cette semaine \u00e0 un groupe \u00e0 l&rsquo;app\u00e9tit aiguis\u00e9. La boulang\u00e8re avait un grand sourire quand je passais la porte, mais tous les autres commer\u00e7ants aussi. M\u00eame ceux qui chipotaient leur assiette en d\u00e9but de semaine d\u00e9vorent maintenant.<\/p>\n<p>De crainte qu&rsquo;ils ne nous ruinent, nous avons d\u00e9cid\u00e9 de les rendre \u00e0 leurs parents : demain \u00e0 17h11, le train arrivera en gare de Bordeaux Saint Jean, avec des enfants que vous trouverez s\u00fbrement chang\u00e9s, et, nous l&rsquo;esp\u00e9rons tous, \u00e9panouis et heureux de leur s\u00e9jour.<\/p>\n<p>Bonne soir\u00e9e \u00e0 tous, nous, on va s&rsquo;\u00e9clater&#8230;<br \/>\nOlivier<\/p>\n<p><b>Samedi 16 juillet<\/b><\/p>\n<p>Bonsoir,<\/p>\n<p>Tout d&rsquo;abord, toutes mes excuses pour ce message tardif, mais nous rentrons juste de Luz o\u00f9 le Grand Jeu nous a tenus en haleine.<\/p>\n<p>Ce matin, r\u00e9veil tardif, vers 9 heures, mais mouvement\u00e9, car c&rsquo;est au son de la sir\u00e8ne de l&rsquo;exercice d&rsquo;alarme incendie que la troupe a \u00e9t\u00e9 tir\u00e9e des bras de Morph\u00e9e.<\/p>\n<p>Une fois tout le monde pr\u00eat, direction Luz pour le traditionnel shopping : vous allez avoir des souvenirs formidables des Pyr\u00e9n\u00e9es.<\/p>\n<p>Le repas qui a suivi a \u00e9t\u00e9 pris sous les frondaisons du Parc Municipal, \u00e0 l&rsquo;issue duquel les animateurs ont organis\u00e9 des parties de \u00ab\u00a0Lucky Luke\u00a0\u00bb en attendant que les commerces rouvrent.<\/p>\n<p>Et l\u00e0, fini de rire : les premi\u00e8re \u00e9nigmes ont \u00e9t\u00e9 distribu\u00e9es aux Marmottes, aux Lynx, aux Loutres, aux Oursons et aux Isards. D\u00e8s lors, leur r\u00e9solution envoyait chez un commer\u00e7ant qui, si on lui donnait la bonne r\u00e9ponse, prodiguait en retour l&rsquo;\u00e9nigme suivante.<\/p>\n<p>Autant dire que le suspense \u00e9tait \u00e0 son comble&#8230;<\/p>\n<p>Nous avions essay\u00e9, Thierry et moi, de produire des textes abscons et difficiles \u00e0 d\u00e9chiffrer : peine perdue, tout le monde a tout r\u00e9solu, sans exception.<\/p>\n<p>Nous allons maintenant passer \u00e0 table, car il est fort tard, et il n&rsquo;y aura sans doute pas de veill\u00e9e ce soir.<\/p>\n<p>Car le programme de demain est charg\u00e9 : Accrobranche, Piscine,&#8230; et Grande Boum !<\/p>\n<p>A demain, pour (d\u00e9j\u00e0) le dernier message.<br \/>\nOlivier<\/p>\n<p><b>Jeudi 14 et vendredi 15 juillet<\/b><\/p>\n<p>Bonjour,<\/p>\n<p>Je rentre juste du bivouac, o\u00f9 aucun r\u00e9seau n&rsquo;est disponible, et j&rsquo;apprends \u00e0 l&rsquo;instant la trag\u00e9die de Nice.<br \/>\nM\u00eame si Bayen n&rsquo;a ni t\u00e9l\u00e9 ni radio, il est n\u00e9anmoins possible, voire probable, qu&rsquo;un des enfants aura l&rsquo;information, qui fera alors tra\u00een\u00e9e de poudre. Nous serons particuli\u00e8rement vigilants pour les rassurer et les entourer&#8230;<\/p>\n<p>Mais, m\u00eame si cela parait futile, revenons \u00e0 notre actualit\u00e9 Bayennaise.<\/p>\n<p>Hier, les enfants sont partis avec le bus pour le Barrage des Gloriettes, et, le soir venu, se sont retrouv\u00e9s au Chalet Maillet, sur la route du Cirque de Troumouse.<br \/>\nJe les ai rejoints, avec une voiture d\u00e9bordante : tentes, tapis de sol, duvets, couvertures, r\u00e9chauds, nourriture&#8230; impressionnant !<\/p>\n<p>La premi\u00e8re t\u00e2che fut de monter les tentes, car il y avait un petit vent de Nord qui marquait la fin d&rsquo;une journ\u00e9e fort belle, mais pas tr\u00e8s chaude pour un 14 juillet.<br \/>\nSit\u00f4t le repas (roboratif) englouti, Callixte offrait \u00e0 tous un chocolat chaud, que l&rsquo;Auberge du Chalet Maillet avait pr\u00e9par\u00e9 pour nous.<\/p>\n<p>Il faisait un froid de loup, si bien que les Garous fon\u00e7aient chacun dans leur tente, sans que l&rsquo;on fasse de veill\u00e9e promise.<br \/>\nA 21h30, tout le monde \u00e9tait douillettement install\u00e9 dans son duvet.<br \/>\nMais ce n&rsquo;est pas pour autant que l&rsquo;on dormait : les conversations et les fous-rires ont longtemps anim\u00e9 le campement, avec une prime aux animatrices, Marie, Sacha et Emmanuelle, qui coiffaient Vincent et Callixte sur le poteau. Mais il y avait photo avec les tentes des enfants&#8230;<\/p>\n<p>A 5h30, ce matin, le troupeau de vaches passait au ras des tentes, avec le joyeux tintement de la cloche qui disait \u00ab\u00a0C&rsquo;est l&rsquo;heure !\u00a0\u00bb. On avait pr\u00e9venu les enfants, et, comme convenu, personne n&rsquo;est sorti de la tente, et personne n&rsquo;a cri\u00e9, m\u00eame si l&rsquo;on s&rsquo;inqui\u00e9tait un peu de savoir ces grosses b\u00eates si pr\u00e8s.<br \/>\nA 6h30, ce sont les moutons qui sont venus voir ce dr\u00f4le de village pos\u00e9 sur leur domaine&#8230;<br \/>\nA 7h30, tout le monde (plus ou moins) s&rsquo;est r\u00e9veill\u00e9, et l\u00e0, surprise : les tentes sont couvertes de givre ! On sentait que l&rsquo;on \u00e9tait bien dans son duvet, sous la couverture, et que l&rsquo;atmosph\u00e8re \u00e9tait fra\u00eeche au-dehors. Dame, le Chalet Maillet est situ\u00e9 \u00e0 1 847m d&rsquo;altitude&#8230;<br \/>\nMais \u00e0 8h10, le soleil passait enfin la montagne, et le grand ciel bleu semblait tout de suite plus complet.<br \/>\nTr\u00e8s vite, la temp\u00e9rature montait, et laissait la joyeuse troupe profiter du petit d\u00e9jeuner, avec l\u00e0 encore un chocolat chaud issu de l&rsquo;Auberge, offert cette fois par Thierry.<\/p>\n<p>Il \u00e9tait temps alors de replier le campement, de charger la voiture, et pour moi de rentrer \u00e0 la Grange.<br \/>\nLes enfants devaient aller \u00e0 la d\u00e9couverte des marmottes, en petite randonn\u00e9e, ou bien jouer au soleil sur le site.<br \/>\nApr\u00e8s le casse-cro\u00fbte de midi (saucisse et jambon secs du Pays Toy), le bus va les ramener \u00e0 la civilisation pour une douche bien m\u00e9rit\u00e9e et quelques jeux en attendant le repas du soir.<\/p>\n<p>Pendant ce temps-l\u00e0, Thierry et moi irons placer les \u00e9nigmes du Grand Jeu de demain, un peu partout dans Luz Saint Sauveur, notamment chez nos amis commer\u00e7ants qui remettront les pr\u00e9cieux indices aux \u00e9quipes.<br \/>\nLes animateurs qui les accompagneront joueront aussi, et ignorent donc tout de ce qui les attend&#8230;<\/p>\n<p>D\u00e8s ce soir, les Loups-Garous reviennent, mais la Terreur qui les accompagne sera adoucie par des Chamallows grill\u00e9s&#8230;<\/p>\n<p>A demain,<br \/>\nOlivier<\/p>\n<p><b>Mercredi 13 juillet<\/b><\/p>\n<p>Bonsoir,<\/p>\n<p>J&rsquo;annon\u00e7ais la veill\u00e9e d&rsquo;hier soir, et elle fut anim\u00e9e : les Loups-Garous ont attaqu\u00e9 les villageois, et seule la sorci\u00e8re et la petite fille pouvaient les aider \u00e0 en r\u00e9chapper en exterminant leurs cruels agresseurs&#8230;<\/p>\n<p>Nous avions pourtant mang\u00e9 relativement tard, du fait du cin\u00e9ma, et il fallait effectuer les services (d\u00e9barassage, poubelles, nettoyage de la salle, vaisselle&#8230;).<br \/>\nMais fort heureusement, ce camp inaugure le lave-vaisselle professionnel dont s&rsquo;est dot\u00e9 l&rsquo;Association. En trois minutes chrono, tous les verres sont propres, trois minutes de plus et la moiti\u00e9 des assiettes, encore trois minutes pour le solde des assiettes et les couverts. Restent les plats et les gamelles, mais je vous jure que c&rsquo;est une aide pr\u00e9cieuse.<br \/>\nEt le service de vaisselle n&rsquo;a pas disparu pour autant : les enfants aident \u00e0 installer dans les paniers, et il faut quand m\u00eame essuyer (m\u00eame si l&rsquo;eau est \u00e0 85\u00b0, ce qui limite l&rsquo;essuyage), puis ramener \u00e0 la Grange&#8230;<\/p>\n<p>Aujourd&rsquo;hui, comme on pouvait le craindre, la temp\u00e9rature \u00e9tait assez limite, bien trop pour ne serait-ce qu&rsquo;envisager la piscine. La Capoumobile est donc venue chercher la troupe \u00e0 Bayen, direction Argel\u00e8s-Gazost et son Parc Animalier des Pyr\u00e9n\u00e9es. Tous les animaux de la montagne y sont : lynx, cerfs, loutres, marmottes, mouflons, isards, loups, ours, \u00e2nes (ha non, les \u00e2nes, ce sont Thierry et moi)&#8230; Sans oublier les adorables petites ch\u00e8vres, si gourmandes et que l&rsquo;on peut caresser \u00e0 loisir, et les carottes que l&rsquo;on fait d\u00e9guster aux marmottes&#8230;<\/p>\n<p>Apr\u00e8s le retour \u00e0 la Grange, vers 16h30, une surprise attendait les enfants : Nadette et Yank avaient pr\u00e9par\u00e9 des chichis, que l&rsquo;on pouvait arroser de cocolat fondu.<br \/>\nComme cela fait des calories \u00e0 br\u00fbler, tout le monde se retrouvait pour un ballon prisonnier g\u00e9ant, avant la douche r\u00e9paratrice.<br \/>\nBien entendu, pour la veill\u00e9e, le animateurs ont concoct\u00e9 quelques jeux, de fa\u00e7on \u00e0 ce que le mot \u00ab\u00a0ennui\u00a0\u00bb soit banni de Bayen.<\/p>\n<p>Et demain, comme la m\u00e9t\u00e9o pr\u00e9voit enfin le retour du beau temps, nous devrions (touchons du bois) partir pour une randonn\u00e9e du Barrage des Gloriettes jusqu&rsquo;au Chalet Maillet (sur la route de Troumouse) o\u00f9 nous allons bivouaquer.<br \/>\nEt l\u00e0, dans ce splendide d\u00e9cor, lorsque la nuit va recouvrir la montagne, la partie de Loup-Garou engendrera une petite peur d\u00e9licieuse&#8230;<\/p>\n<p>Je ne sais pas s&rsquo;il y aura suffisamment de r\u00e9seau pour vous laisser un message de l\u00e0-haut. A priori, non.<br \/>\nJe vous retrouve donc vendredi&#8230;<\/p>\n<p>Bon bal du 14 juillet \u00e0 vous tous.<br \/>\nOlivier<\/p>\n<p><b>Mardi 12 juillet<\/b><\/p>\n<p>Bonsoir,<\/p>\n<p>Comme on pouvait le craindre, la m\u00e9t\u00e9o n&rsquo;\u00e9tait pas avec nous aujourd&rsquo;hui. Crasse, petites averses et temp\u00e9ratures dignes d&rsquo;octobre (et pas le meilleur) au menu.<\/p>\n<p>Mais il en faut bien plus pour entamer le moral d&rsquo;un Bayennais !<\/p>\n<p>Ce matin, apr\u00e8s un solide petit d\u00e9jeuner, les animateurs ont propos\u00e9 divers jeux dans la Grange, et personne ne s&rsquo;est ennuy\u00e9, si l&rsquo;on en croit les rires et la force des chants entonn\u00e9s \u00e0 pleine voix.<\/p>\n<p>A midi, nous avions pr\u00e9vu un pique-nique pour la randonn\u00e9e vers la Croix de Sia. Qu&rsquo;\u00e0 cela ne tienne : direction le Calvaire et son parc de jeux \u00e0 Sazos, pour y d\u00e9jeuner, sans oublier bien s\u00fbr les parties de \u00ab\u00a0Lucky Luke\u00a0\u00bb et les \u00ab\u00a0Poules-Renards-Vip\u00e8res\u00a0\u00bb.<\/p>\n<p>Malgr\u00e9 tout, le petit vent rapatriait tout le monde \u00e0 la Grange. Pas pour longtemps. La troupe partait pour Luz, au cin\u00e9ma de la Maison de la Vall\u00e9e, pour y voir \u00ab\u00a0Le monde de Dory\u00a0\u00bb, une petite poissonne amn\u00e9sique, mais fort d\u00e9brouillarde et pleine de ressources et d&rsquo;amis.<\/p>\n<p>Maintenant, les derni\u00e8res douches ont lieu, tandis que le repas se pr\u00e9pare : les lentilles rivalisent de parfum avec la saucisse qui grille, donnant l&rsquo;eau \u00e0 la bouche \u00e0 tout Bayen.<\/p>\n<p>Ce soir, nouvelle veill\u00e9e, puis une bonne nuit, pour affronter la journ\u00e9e de demain.<\/p>\n<p>Th\u00e9oriquement, le programme pr\u00e9voit \u00ab\u00a0Accrobranche\u00a0\u00bb le matin et \u00ab\u00a0Piscine\u00a0\u00bb l&rsquo;apr\u00e8s-midi.<br \/>\nMais la temp\u00e9rature tr\u00e8s \u00ab\u00a0fra\u00eechouilloute\u00a0\u00bb va peut-\u00eatre amener Thierry et les animateurs \u00e0 le faire \u00e9voluer, et reporter ces activit\u00e9s \u00e0 dimanche, o\u00f9 le thermom\u00e8tre devrait \u00eatre plus compatible avec la baignade.<\/p>\n<p>Vous aurez donc la surprise demain soir&#8230;<\/p>\n<p>Boone soir\u00e9e \u00e0 vous tous,<br \/>\nOlivier<\/p>\n<p><b>Lundi 11 juillet<\/b><\/p>\n<p>Bonsoir,<\/p>\n<p>Apr\u00e8s un voyage sans histoire, mais que la SCNF a rendu peu simple (le groupe \u00e9tait dispers\u00e9 dans trois wagons), les enfants sont arriv\u00e9s \u00e0 la Grange vers 15h15, avec la Capoumobile (le car de nos amis Francis et Pierre Capou).<\/p>\n<p>Le temps de s&rsquo;installer, de bien assimiler les consignes de s\u00e9curit\u00e9, et de profiter des g\u00e2teaux et de la citronnade confectionn\u00e9s ce matin par Yank et Bernadette, les nouveaux cuisiniers (j&rsquo;ai \u00e9t\u00e9 d\u00e9grad\u00e9, et ne suis plus que g\u00e2te-sauce, mais c&rsquo;est super d&rsquo;accueillir de nouvelles \u00e9quipes), tout le monde est mont\u00e9 \u00e0 Sazos, pour le parc de jeux du Calvaire.<\/p>\n<p>Un \u00ab\u00a0poule-renard-vip\u00e8re\u00a0\u00bb endiabl\u00e9, pour bien se d\u00e9fouler apr\u00e8s tout ce temps assis dans les transports, et il est d\u00e9j\u00e0 temps de profiter d&rsquo;une bonne douche&#8230;<\/p>\n<p>Dans quelques minutes, nous allons passer \u00e0 table (\u00e7a sent d\u00e9j\u00e0 fort bon), puis viendront les services (m\u00eame si Bayen dispose dor\u00e9navant d&rsquo;un lave-vaisselle professionnel), et surtout la premi\u00e8re veill\u00e9e.<br \/>\nChacun apprendra \u00e0 conna\u00eetre les visages et les pr\u00e9noms de ses copains, au travers de petits jeux o\u00f9 la m\u00e9moire sera sollicit\u00e9e, mais o\u00f9 les fous-rires seront eux aussi pr\u00e9sents.<\/p>\n<p>Enfin, premi\u00e8re nuit, dans la Grange pour les filles, dans la tente pour les gar\u00e7ons, loin de Maman et Papa, mais avec ce d\u00e9licieux parfum d&rsquo;aventure (et, soyons justes, de pipi de loir&#8230;) qui fait tant pour le charme de Bayen.<\/p>\n<p>Demain, si le temps le permet, premi\u00e8re randonn\u00e9e jusqu&rsquo;\u00e0 la Croix de Sia, depuis la Grange. Si par malheur la pluie s&rsquo;invite, les animateurs regorgent d&rsquo;id\u00e9es de jeux, il n&rsquo;y aura pas de place pour l&rsquo;ennui.<\/p>\n<p>A demain pour vous raconter tout ceci&#8230;<\/p>\n<p>Olivier<\/p>\n","protected":false},"excerpt":{"rendered":"<p>Dimanche 17 juillet Bonsoir \u00e0 tous, Tout d&rsquo;abord, pour ce dernier message, le r\u00e9sultat du Grand Jeu : ce sont les Isards qui ont triomph\u00e9, m\u00eame si ce fut extr\u00eamement serr\u00e9. Les Papas et les Mamans des membres de l&rsquo;\u00e9quipe auront fi\u00e8re allure quand ils iront faire leur jogging&#8230; Mais tout le monde a eu [&hellip;]<\/p>\n","protected":false},"author":16,"featured_media":0,"parent":2313,"menu_order":1,"comment_status":"closed","ping_status":"closed","template":"","meta":{"footnotes":""},"class_list":["post-1784","page","type-page","status-publish","hentry"],"_links":{"self":[{"href":"https:\/\/www.assobayen.net\/Wordpress\/wp-json\/wp\/v2\/pages\/1784","targetHints":{"allow":["GET"]}}],"collection":[{"href":"https:\/\/www.assobayen.net\/Wordpress\/wp-json\/wp\/v2\/pages"}],"about":[{"href":"https:\/\/www.assobayen.net\/Wordpress\/wp-json\/wp\/v2\/types\/page"}],"author":[{"embeddable":true,"href":"https:\/\/www.assobayen.net\/Wordpress\/wp-json\/wp\/v2\/users\/16"}],"replies":[{"embeddable":true,"href":"https:\/\/www.assobayen.net\/Wordpress\/wp-json\/wp\/v2\/comments?post=1784"}],"version-history":[{"count":26,"href":"https:\/\/www.assobayen.net\/Wordpress\/wp-json\/wp\/v2\/pages\/1784\/revisions"}],"predecessor-version":[{"id":2360,"href":"https:\/\/www.assobayen.net\/Wordpress\/wp-json\/wp\/v2\/pages\/1784\/revisions\/2360"}],"up":[{"embeddable":true,"href":"https:\/\/www.assobayen.net\/Wordpress\/wp-json\/wp\/v2\/pages\/2313"}],"wp:attachment":[{"href":"https:\/\/www.assobayen.net\/Wordpress\/wp-json\/wp\/v2\/media?parent=1784"}],"curies":[{"name":"wp","href":"https:\/\/api.w.org\/{rel}","templated":true}]}}