{"id":1815,"date":"2016-07-17T20:02:47","date_gmt":"2016-07-17T18:02:47","guid":{"rendered":"https:\/\/www.assobayen.net\/Wordpress\/?page_id=1815"},"modified":"2024-02-19T15:16:45","modified_gmt":"2024-02-19T14:16:45","slug":"les-nouvelles-du-camp-pre-ados-2016","status":"publish","type":"page","link":"https:\/\/www.assobayen.net\/Wordpress\/camp-2016-2\/les-nouvelles-du-camp-pre-ados-2016\/","title":{"rendered":"News Pr\u00e9-Ados 2016"},"content":{"rendered":"<p><b>Mercredi 27 juillet<\/b><br \/>\nBonsoir&nbsp;!<br \/>\nQuelle belle fin de s\u00e9jour !<br \/>\nLe second bicouac s&rsquo;est tr\u00e8s bien pass\u00e9, nous avons install\u00e9 notre petit campement \u00e0 un peu plus d&rsquo;une heure du sommet du pic du Bergons.<br \/>\nApr\u00e8s une petite veill\u00e9e Loup-garou, nous sous sommes couch\u00e9s t\u00f4t pour \u00eatre en forme ce matin.<br \/>\nNous nous sommes \u00e9veill\u00e9s dans un brouillard \u00e9pais, mais nous avons d\u00e9cid\u00e9 de monter quand m\u00eame, car la m\u00e9t\u00e9o pr\u00e9voyait de belles \u00e9claircies.<br \/>\nEn effet, apr\u00e8s une demi-heure de mont\u00e9e, nous sommes pass\u00e9s au-dessus des nuages et avons profit\u00e9 du magnifique spectacle de la mer de nuages, de laquelle les sommets d\u00e9passaient.<br \/>\nAu sommet du pic, nous avons eu une vue splendide \u00e0 360 \u00b0 avec le cirque de Gavarnie au fond.<br \/>\nLes anciens ont pu voir le pic du Midi, gravi il y a deux ans, et le Viscos, apoth\u00e9ose du camp de l&rsquo;an dernier.<br \/>\nLes nuages ont peu \u00e0 peu laiss\u00e9 place \u00e0 une vue d\u00e9gag\u00e9e sur toute la vall\u00e9e de Luz.<br \/>\nLes jeunes sont fiers d&rsquo;avoir \u00e9t\u00e9 jusqu&rsquo;en haut et ravis du spectacle que nous a offert la montagne.<br \/>\nEn arrivant \u00e0 la grange, nous avons fait une grosse bataille d&rsquo;eau qui nous a permis de nous rafra\u00eechir et de nous amuser.<br \/>\nEt ce n&rsquo;est pas fini, ce soir c&rsquo;est diner de gala, et ensuite la c\u00e9r\u00e9monie de bapt\u00eame du 2 000 m\u00e8tres, pour ceux dont c&rsquo;\u00e9tait le premier. Place \u00e0 la f\u00eate !<br \/>\nLes danseurs de talent vont avoir la place de s&rsquo;exprimer&nbsp;lors d&rsquo;une boum endiabl\u00e9e, tr\u00e8s attendue par tous&nbsp;!<br \/>\nDemain, nous arrivons \u00e0 la gare St Jean de Bordeaux \u00e0 17h11.<br \/>\nNous vous retrouverons sous la grande carte si vous ne pouvez pas venir sur le quai.<br \/>\nProfitez bien de votre derni\u00e8re soir\u00e9e de calme car nous vous rendons demain vos enfants, qui auront beaucoup de choses \u00e0 vous raconter.<\/p>\n<p><b>Lundi 25 juillet<\/b><br \/>\nBonsoir,<br \/>\nQuelle folle journ\u00e9e aujourd&rsquo;hui!<br \/>\nNous avons commenc\u00e9 par le rafting ce matin. Encore une belle aventure, nous avons \u00e9t\u00e9 bien \u00e9quip\u00e9s par l&rsquo;\u00e9quipe du Relais d&rsquo;Isaby, puis nous avons fait un peu plus d&rsquo;une heure de descente sur l&rsquo;eau du Gave, guid\u00e9s par les moniteurs.<br \/>\nArm\u00e9s de nos pagaies, nous avons jou\u00e9 \u00e0 nous arroser les uns les autres, nous avons fait des abordages d&rsquo;une empbarcation \u00e0 l&rsquo;autre, saut\u00e9 dans l&rsquo;eau, fait du tobogan sur un rafting retourn\u00e9&nbsp;&#8230; bref, beaucoup rigol\u00e9&nbsp;!<br \/>\nLe soleil \u00e9tait l\u00e0 et nous n&rsquo;avons m\u00eame pas eu froid, dans nos combinaisons en n\u00e9opr\u00e8ne&nbsp;!<br \/>\nLe grand jeu \u00ab&nbsp;Bayen-chef&nbsp;\u00bb s&rsquo;est lui aussi tr\u00e8s bien pass\u00e9, les g\u00e2teaux sont tous au four, nous attendons avec impatience les derni\u00e8res \u00e9preuves&nbsp;: la d\u00e9coration et la d\u00e9gustation&nbsp;!<br \/>\nElles auront lieu durant la veill\u00e9e de ce soir.<br \/>\nDemain matin, nous allons passer une derni\u00e8re fois \u00e0 Luz pour faire les achats manquants (gastronomie locale&nbsp;: fromages, saucissons&#8230;).<br \/>\nL&rsquo;apr\u00e8s-midi nous partons \u00e0 nouveau en bivouac.<br \/>\nNous allons faire la marche d&rsquo;approche du pic du Bergons avant de planter nos tentes dans la val\u00e9e de l&rsquo;Yse.<br \/>\nMercredi nous gravirons le pic du Bergons qui culmule \u00e0 2 068 m\u00e8tres d&rsquo;altitude. Un premier 2 000 pour beaucoup de jeunes&nbsp;!<br \/>\nNous rentrerons f\u00eater cet exploit \u00e0 la grange avec un bapt\u00eame des 2 000 m\u00e8tres en fin de journ\u00e9e.<br \/>\nVous n&rsquo;aurez donc de nos nouvelles que mercredi soir.<br \/>\nNous vous souhaitons deux bonnes journ\u00e9es.<br \/>\nA mercredi.<\/p>\n<p><b>Dimanche 24 juillet<\/b><br \/>\nBonsoir \u00e0 tous,<br \/>\nNous voil\u00e0 rentr\u00e9s de bivouac, nous avons apr\u00e9ci\u00e9 notre nuit en pleine nature.<br \/>\nLe beau temps \u00e9tait bien au rendez-vous. Hier, le chemin des cascades qui longe le cours d&rsquo;eau nous a apport\u00e9 fra\u00eecheur et \u00e9merveillement.<br \/>\nUne petite veill\u00e9e loup-garou \u00e0 la lampe torche a fait le bonheur des jeunes et de l&rsquo;\u00e9quipe d&rsquo;animation. La nuit a \u00e9t\u00e9 courte et fra\u00eeche mais c&rsquo;est aussi cela les joies du bivouac. A trois ou quatre par tente, les jeunes ont eu un moment privil\u00e9gi\u00e9 de partage entre eux et avec la montagne.<br \/>\nCe matin, nous sommes all\u00e9s juqu&rsquo;au lac de Gaube, toujours aussi bleu et limpide, un d\u00e9lice pour les yeux.<br \/>\nL&rsquo;apr\u00e8s-midi a \u00e9t\u00e9 calme, entre le rangement des tentes (qu&rsquo;il fallait rouvrir pour les d\u00e9barrasser des restes de la ros\u00e9e du matin) et des petits jeux \u00e0 la grange.<br \/>\nCe soir, c&rsquo;est la veill\u00e9e \u00ab&nbsp;nuit au mus\u00e9e&nbsp;\u00bb. Les jeunes, par petites \u00e9quipes, auront des th\u00e8mes \u00e0 partir desquels ils devront faire un tableau en se mettant en sc\u00e8ne. Cela promet encore de bons fou-rires&nbsp;et des photos sympas pour la journ\u00e9e apr\u00e8s camps!<br \/>\nDemain matin c&rsquo;est le rafting, activit\u00e9e tr\u00e8s attendue par tous.<br \/>\nDemain apr\u00e8s-midi nous allons enfin faire le grand jeu \u00ab&nbsp;Bayen-chef&nbsp;\u00bb que nous avons du repousser \u00e0 cause du temps capricieux.<br \/>\nNormalement il devrait faire beau jusqu&rsquo;\u00e0 la fin du camp, toutes les activit\u00e9s pr\u00e9vues vont donc pouvoir avoir lieu.<br \/>\nNous vous souhaitons une bonne soir\u00e9e.<br \/>\nA demain.<\/p>\n<p><b>Vendredi 22 juillet<\/b><br \/>\nBonsoir,<br \/>\nAujourd&rsquo;hui nous n&rsquo;avons pas grand chose \u00e0 vous raconter.<br \/>\nCette nuit nous avons eu un gros orage qui s&rsquo;est poursuivi une bonne partie de la matin\u00e9e.<br \/>\nNous en avons profit\u00e9 pour dortmir tard puis faire des jeux calmes dans la grange.<br \/>\nL&rsquo;apr\u00e8s-midi a eu une m\u00e9t\u00e9o plus cl\u00e9mente et nous avons pu aller \u00e0 Luz faire des achats.<br \/>\nLes jeunes ont \u00e9t\u00e9 laiss\u00e9s en autonomie par petits groupes et les commer\u00e7ants m&rsquo;ont f\u00e9licit\u00e9e pour leur comportement exemplaire, vous pouvez, comme moi, \u00eatre fiers de vos enfants.<br \/>\nCe soir, nous faisons une grande soir\u00e9e musique avec blind test, karaok\u00e9 et chor\u00e9graphie, \u00e7a promet de grands moments de rire&nbsp;!<br \/>\nDemain, nous nous l\u00e8verons tranquimlement vers 8h30 pour pr\u00e9parer notre d\u00e9part en bivouac qui a lieu en d\u00e9but d&rsquo;apr\u00e8s-midi. Si la m\u00e9t\u00e9o reste stable et nous permet de partir, vous n&rsquo;aurez de nos nouvelles qu&rsquo;\u00e0 notre retour dimanche puisque nous dormirons en montagne, \u00e0 c\u00f4t\u00e9 du refuge du Cl\u00f4t, pr\u00e8s du pont d&rsquo;espagne. C&rsquo;est l&rsquo;aventure&nbsp;! (toute relative&#8230;) Nous allons remonter le chemin des cascades demain puis aller voir le lac de Gaube dimanche matin.<br \/>\nNous vous souhaitons \u00e0 tous un excellent week-end&nbsp;!<br \/>\nA dimanche soir.<\/p>\n<p><b>Jeudi 21 juillet<\/b><br \/>\nBonsoir,<br \/>\nQuelle journ\u00e9e&nbsp;!<br \/>\nCe matin, nous avons bien profit\u00e9 de l&rsquo;accrobranche, chacun s&rsquo;est amus\u00e9 sur les diff\u00e9rents parcours propos\u00e9s. Certains ont vaincu leur peur du vide et d&rsquo;autres on mis leur force physique \u00e0 l&rsquo;\u00e9preuve.<br \/>\nLes douzes jeunes les plus t\u00e9m\u00e9raires ont ensuite fait la \u00ab&nbsp;m\u00e9ga-tyro&nbsp;\u00bb. C&rsquo;est une tyrolienne immense qui traverse le gave dans un sens puis dans l&rsquo;autre, il y a alors plus de 50 m\u00e8tres de vide sous nos pieds, un r\u00e9gal pour les amateurs de sensations fortes&nbsp;!<br \/>\nApr\u00e9s manger, le temps \u00e9tant nuageux mais stable et suffisamment chaud, nous avons donn\u00e9 le choix \u00e0 chacun d&rsquo;aller soit au bowling soit \u00e0 la piscine.<br \/>\nC&rsquo;etait assez dr\u00f4le de voir que tous les gar\u00e7ons ont choisi la piscine et toutes les filles le bowling.<br \/>\nTous se sont bien amus\u00e9s et sont ravis de leur journ\u00e9e.<br \/>\nCe soir, nous allons faire une petite veill\u00e9e jeux puis profiter d&rsquo;une bonne nuit de someil.<br \/>\nDemain matin, apr\u00e8s un r\u00e9veil tardif, nous irons nous prommener dans Luz St Sauveur pour que les jeunes qui le souhaitent fassent quelques achats de friandises et de souvenirs.<br \/>\nL&rsquo;apr\u00e9s-midi sera occup\u00e9e par un grand jeu dans Sazos. Chaque \u00e9quipe va devoir surmonter diff\u00e9rentes \u00e9preuves pour gagner les ingr\u00e9dients n\u00e9cessaires \u00e0 la r\u00e9alisation d&rsquo;un g\u00e2teau au yaourt, qu&rsquo;il s&#8217;empressont de confectionner en rentrant \u00e0 la grange. Nous terminerons la journ\u00e9e par une d\u00e9gustation des oeuvres des jeunes qui seront not\u00e9es sur l&rsquo;esth\u00e9tique et le go\u00fbt. Demain c&rsquo;est \u00ab&nbsp;Bayen-chef&nbsp;\u00bb, on devrait s&rsquo;amuser et se r\u00e9galer&nbsp;!<br \/>\nBonne soir\u00e9e \u00e0 tous.<\/p>\n<p><b>Mercredi 20 juillet<\/b><br \/>\nBonsoir&nbsp;!<br \/>\nLa veill\u00e9e d&rsquo;hier, que nous avions tenue secr\u00e8te, a \u00e9t\u00e9 un v\u00e9ritable succ\u00e8s. Une grande chasse \u00e0 l&rsquo;animateur a en effet anim\u00e9 les ruelles du petit village de Sazos. Cette partie de cache-cache g\u00e9ant dans l&rsquo;obscurit\u00e9 est toujours tr\u00e8s appr\u00e9ci\u00e9e des jeunes, un plaisir entre r\u00e9gression et frisson.<br \/>\nCe matin, nous sommes partis depuis la grange vers la croix de Sia, mais voyant le ciel s&rsquo;assombrir et le vent se lever, nous avons pris la d\u00e9cision de raccourcir encore la balade pr\u00e9vue et de rebrousser chemin pour manger \u00e0 la grange. Nous avons tout de m\u00eame pu profiter d&rsquo;une jolie vue sur Luz St Sauveur.<br \/>\nFinalement, il n&rsquo;y a eu que quelques gouttes de pluie et le tonnerre est rest\u00e9 lointain mais nous ne regrettons pas vraiment d&rsquo;avoir \u00e9court\u00e9 notre balade. En effet, apr\u00e8s un moment de repos bien m\u00e9rit\u00e9, nous avons occup\u00e9 l&rsquo;apr\u00e8s-midi \u00e0 jouer tous ensemble (twister, biperl\u00e9&#8230;).<br \/>\nCe soir, vos enfants vont pratiquer un sport local assez particulier&nbsp;: le VolleyPQ. Il s&rsquo;agit de jouer au volley en soufflant sur une feuille de papier toilette, assis de chaque c\u00f4t\u00e9 du filet. Si, si, je vous assure que c&rsquo;est tr\u00e8s dr\u00f4le&nbsp;!<br \/>\nDemain matin, nous allons faire de l&rsquo;accrobranche&nbsp;! C&rsquo;est une activit\u00e9 tr\u00e8s attendue par les jeunes, qui devraient en rentrer ravis. Ils auront l&rsquo;occasion, s&rsquo;ils le souhaitent, de faire la \u00ab&nbsp;m\u00e9ga-tyro&nbsp;\u00bb mais nous vous raconterons cela demain soir&#8230;<br \/>\nL&rsquo;apr\u00e8s-midi sera occup\u00e9e soit par la piscine soit par une partie de bowling, cela d\u00e9pendra de la m\u00e9t\u00e9o.<br \/>\nTr\u00e8s bonne soir\u00e9e \u00e0 vous et \u00e0 demain.<\/p>\n<p><b>Mardi 19 juillet<\/b><br \/>\nBonsoir&nbsp;!<br \/>\nNous voil\u00e0 de retour de notre premi\u00e8re balade, le Soum de Dabant Aigue.<br \/>\nNous avons pu constater que nos jeunes forment un vrai groupe de montagnards : ils aiment marcher et ont un tr\u00e8s bon rythme.<br \/>\nNous avons pu profiter d&rsquo;une vue sublime \u00e0 360\u00b0 avec les montagnes d&rsquo;un c\u00f4t\u00e9 et m\u00eame le cirque de Gavarnie et la br\u00e8che de Rolland au loin, et de l&rsquo;autre c\u00f4t\u00e9, la plaine \u00e0 perte de vue.<br \/>\nNous avons aussi crois\u00e9 un trio de Gypa\u00e8tes qui profitaient des courants ascendants pour nous offrir le spectacle de leur balai tournoyant. Un vrai r\u00e9gal&nbsp;!<br \/>\nNous avons eu tr\u00e8s chaud mais le grand ciel bleu est un plaisir que nous ne boudons pas.<br \/>\nDemain, l&rsquo;orage est pr\u00e9vu pour l&rsquo;apr\u00e8s midi et la matin\u00e9e devrait elle aussi \u00eatre tr\u00e8s chaude. Nous avons donc pris la d\u00e9cision d&rsquo;\u00e9courter la balade pr\u00e9vue. Nous allons partir tranquillement vers 9h30 de la grange pour aller par un petit chemin ombrag\u00e9 jusqu&rsquo;\u00e0 la croix de Sia puis nous irons visiter le tr\u00e8s joli petit village typique de Grust avant de rentrer nous mettre \u00e0 l&rsquo;abri vers 14h. Nous occuperons le reste de la journ\u00e9e \u00e0 faire des jeux, cela devrait \u00eatre bien agr\u00e9able aussi.<br \/>\nLe r\u00e9veil n&rsquo;\u00e9tant pas trop matinal demain nous allons pouvoir bien profiter de la veill\u00e9e de ce soir&nbsp;!<br \/>\nNous vous souhaitons \u00e0 vous aussi une excellente soir\u00e9e.<br \/>\nA demain.<\/p>\n<p><b>Lundi 18 juillet<\/b><br \/>\nBonjour \u00e0 Tous,<br \/>\nNous sommes bien arriv\u00e9s \u00e0 Bayen, nous retrouvons ou d\u00e9couvrons la grange avec plaisir.<br \/>\nLe transport s&rsquo;est tr\u00e8s bien pass\u00e9 malgr\u00e9 la chaleur.<br \/>\nBonne soir\u00e9e en perspective avec une premi\u00e8re veill\u00e9e pour apprendre \u00e0 se conna\u00eetre.<br \/>\nDemain, nous partons en balade \u00e0 7h30 pour profiter de la fra\u00eecheur et nous mettre en jambes pour la suite du camp.<br \/>\nBonne soir\u00e9e \u00e0 tous et \u00e0 demain pour vous raconter tout cela!<\/p>\n","protected":false},"excerpt":{"rendered":"<p>Mercredi 27 juillet Bonsoir&nbsp;! Quelle belle fin de s\u00e9jour ! Le second bicouac s&rsquo;est tr\u00e8s bien pass\u00e9, nous avons install\u00e9 notre petit campement \u00e0 un peu plus d&rsquo;une heure du sommet du pic du Bergons. Apr\u00e8s une petite veill\u00e9e Loup-garou, nous sous sommes couch\u00e9s t\u00f4t pour \u00eatre en forme ce matin. Nous nous sommes \u00e9veill\u00e9s [&hellip;]<\/p>\n","protected":false},"author":16,"featured_media":0,"parent":2313,"menu_order":1,"comment_status":"closed","ping_status":"closed","template":"","meta":{"footnotes":""},"class_list":["post-1815","page","type-page","status-publish","hentry"],"_links":{"self":[{"href":"https:\/\/www.assobayen.net\/Wordpress\/wp-json\/wp\/v2\/pages\/1815","targetHints":{"allow":["GET"]}}],"collection":[{"href":"https:\/\/www.assobayen.net\/Wordpress\/wp-json\/wp\/v2\/pages"}],"about":[{"href":"https:\/\/www.assobayen.net\/Wordpress\/wp-json\/wp\/v2\/types\/page"}],"author":[{"embeddable":true,"href":"https:\/\/www.assobayen.net\/Wordpress\/wp-json\/wp\/v2\/users\/16"}],"replies":[{"embeddable":true,"href":"https:\/\/www.assobayen.net\/Wordpress\/wp-json\/wp\/v2\/comments?post=1815"}],"version-history":[{"count":32,"href":"https:\/\/www.assobayen.net\/Wordpress\/wp-json\/wp\/v2\/pages\/1815\/revisions"}],"predecessor-version":[{"id":2359,"href":"https:\/\/www.assobayen.net\/Wordpress\/wp-json\/wp\/v2\/pages\/1815\/revisions\/2359"}],"up":[{"embeddable":true,"href":"https:\/\/www.assobayen.net\/Wordpress\/wp-json\/wp\/v2\/pages\/2313"}],"wp:attachment":[{"href":"https:\/\/www.assobayen.net\/Wordpress\/wp-json\/wp\/v2\/media?parent=1815"}],"curies":[{"name":"wp","href":"https:\/\/api.w.org\/{rel}","templated":true}]}}