{"id":267,"date":"2010-11-28T15:19:40","date_gmt":"2010-11-28T14:19:40","guid":{"rendered":"https:\/\/www.assobayen.net\/Wordpress\/?page_id=267"},"modified":"2024-02-19T15:16:45","modified_gmt":"2024-02-19T14:16:45","slug":"camps","status":"publish","type":"page","link":"https:\/\/www.assobayen.net\/Wordpress\/camps\/","title":{"rendered":"Camps 2011"},"content":{"rendered":"<table style=\"height: 316px;\" width=\"568\" border=\"1\" cellspacing=\"0\" cellpadding=\"0\">\n<tbody>\n<tr>\n<td valign=\"top\" width=\"200\">\n<h3 style=\"text-align: left;\"><strong> <\/strong><strong>Camp PRE-ADO 2011<br \/>\n<\/strong><\/h3>\n<h5><strong>Du 22 juillet au 1 ao\u00fbt<\/strong><\/h5>\n<p style=\"text-align: center;\"><strong> <\/strong><a title=\"Projet P\u00e9da Pr\u00e9Ados\" href=\"http:\/\/www.assobayen.net\/ProjetPedagogique\/Projet_Peda_PreAdos_2011.pdf\" target=\"_blank\" rel=\"noopener noreferrer\"><strong><em>Projet P\u00e9dagogique<\/em><\/strong><\/a><\/p>\n<\/td>\n<td style=\"text-align: center;\" valign=\"top\" width=\"558\"><strong>Pour les 12 &#8211; 14 ans<\/strong>&#8211; 20 places<br \/>\n<strong>Responsables<\/strong>: Claire et Jo\u00ebl BRUN<br \/>\n<strong>Activit\u00e9s propos\u00e9es <\/strong>: Randonn\u00e9es, bivouacs, activit\u00e9s sportives&#8230;<br \/>\n<strong> <\/strong><strong>Participation aux frais <\/strong>: 354 \u20ac dont 8 \u20ac de cotisation<em>T\u00e9l\u00e9charger le bulletin d&rsquo;incription :<strong><span style=\"color: #ff9900;\"> <a href=\"http:\/\/www.assobayen.net\/journaux\/Ete2011.pdf\" target=\"_blank\" rel=\"noopener noreferrer\">Cliquez ici<\/a><\/span><\/strong><\/em><\/td>\n<\/tr>\n<tr>\n<td valign=\"top\" width=\"200\">\n<h3><strong> <\/strong><strong>Camp ENFANTS 2011<br \/>\n<\/strong><\/h3>\n<h5><strong>du 1 au 8 ao\u00fbt<\/strong><\/h5>\n<p style=\"text-align: center;\"><strong><span style=\"color: #ff0000;\"><em><a href=\"http:\/\/www.assobayen.net\/ProjetPedagogique\/Projet_Peda_enfant_2011.pdf\" target=\"_blank\" rel=\"noopener noreferrer\">Projet P\u00e9dagogique<\/a><\/em><\/span><br \/>\n<\/strong><\/p>\n<\/td>\n<td style=\"text-align: center;\" valign=\"top\" width=\"558\"><strong>Pour les 9 &#8211; 11 Ans<\/strong>&#8211; 20 places<br \/>\n<strong>Responsable<\/strong>: Lucile BLANC<br \/>\n<strong>Activit\u00e9s propos\u00e9es<\/strong>: Randonn\u00e9es, grands jeux, d\u00e9couverte du milieu montagnard, des bivouacs et de la vie en camp.<br \/>\n<strong>Participation aux frais<\/strong>: 240 \u20ac dont 8 \u20ac de cotisation<em>T\u00e9l\u00e9charger le bulletin d&rsquo;incription :<strong> <a href=\"..\/..\/journaux\/Ete2011.pdf\" target=\"_blank\" rel=\"noopener noreferrer\">Cliquez ici<\/a><\/strong><\/em><\/td>\n<\/tr>\n<tr>\n<td valign=\"top\" width=\"200\">\n<h3><strong> <\/strong><strong>Camp ADOLESCENTS 2011<br \/>\n<\/strong><\/h3>\n<h5><strong>du 8 au 22 ao\u00fbt<\/strong><\/h5>\n<p style=\"text-align: center;\"><strong> <\/strong><a href=\"http:\/\/www.assobayen.net\/ProjetPedagogique\/Projet_Peda_Ados_2011.pdf\" target=\"_blank\" rel=\"noopener noreferrer\"><strong><em>Projet P\u00e9dagogique<\/em><\/strong><\/a><\/p>\n<\/td>\n<td style=\"text-align: center;\" valign=\"top\" width=\"558\"><strong>Pour les 14 &#8211; 18 ans<\/strong>&#8211; 20 places<br \/>\n<strong>Responsables <\/strong>: Fabienne CHEVALIER<br \/>\n<strong>Activit\u00e9s propos\u00e9es<\/strong> : randonn\u00e9es d\u2019un ou de<br \/>\nplusieurs jours, bivouacs en montagne, escalade, canyoning.<br \/>\nUn camp sportif ax\u00e9 sur la pratique de la montagne.<br \/>\nSoyez en forme !<br \/>\n<strong>Participation aux frais<\/strong>: 490 \u20ac dont 8 \u20ac de cotisation<em>T\u00e9l\u00e9charger le bulletin d&rsquo;incription :<strong> <a href=\"..\/..\/journaux\/Ete2011.pdf\" target=\"_blank\" rel=\"noopener noreferrer\">Cliquez ici<\/a><\/strong><\/em><\/td>\n<\/tr>\n<\/tbody>\n<\/table>\n<p><strong>Notre projet \u00e9ducatif :<\/strong><\/p>\n<p>&#8211; D\u00e9couvrir le monde montagnard et ses sp\u00e9cificit\u00e9s (flore, faune, m\u00e9t\u00e9orologie &#8230; ) pour, plus tard, randonner en toute s\u00e9curit\u00e9.<\/p>\n<p>&#8211; Vivre une exp\u00e9rience de groupe pour amener \u00e0 la prise de responsabilit\u00e9s, \u00e0 la conqu\u00eate de l\u2019autonomie, en partageant non seulement les temps forts mais aussi les petites contraintes de la vie de tous les jours (vaisselle, cuisine&#8230;).<\/p>\n<p>&#8211; Rencontrer d\u2019autres jeunes, d\u2019univers diff\u00e9rents, les accepter et mener \u00e0 bien un projet commun.<\/p>\n<p><em>Rien n\u2019est facile, la pente est souvent rude, le souffle court&#8230; mais, quand le sommet est atteint, la joie et l\u2019amiti\u00e9 sont au rendez- vous .<\/em><\/p>\n<p><strong>Notre encadrement <\/strong>: Il est compos\u00e9 de jeunes dipl\u00f4m\u00e9s du BAFA ou en cours de formation, anciens de Bayen, qui connaissent et aiment la montagne. Nous sommes tous b\u00e9n\u00e9voles. C\u2019est un choix qui permet d\u2019ouvrir nos camps au plus grand nombre. Vous rencontrerez aussi des professionnels qui, au fil des ann\u00e9es, sont devenus des amis: guides de haute montagne, gardes- moniteurs du PN, moniteurs de rafting ou de VTT &#8230; En plus de leurs comp\u00e9tences, ils nous font partager leur passion !<\/p>\n<p>&nbsp;<\/p>\n<p><strong>Nos activit\u00e9s :<\/strong><\/p>\n<p>Nous vous proposons trois camps pour des \u00e2ges diff\u00e9rents. Les activit\u00e9s propos\u00e9es durant ceux-ci sont \u00e0 dominante sportive. Elles s\u2019adressent \u00e0 des jeunes en bonne forme physique, tiennent compte de l\u2019\u00e2ge des participants et sont progressives, tout au long du s\u00e9jour.<\/p>\n<p><strong>&#8211; <\/strong><strong>Tous nos camps seront agr\u00e9\u00e9s Jeunesse et Sports.<\/strong><\/p>\n<p><strong>&#8211; Subventions CAF, Ch\u00e8ques Vacances, Aides des CE accept\u00e9es.<\/strong><\/p>\n<p><strong>&#8211; Paiement fractionn\u00e9 possible avant le d\u00e9part du camp<\/strong><\/p>\n<p><strong>&#8211; R\u00e9duction pour plusieurs enfants d\u2019une m\u00eame famille.<\/strong><\/p>\n<p>&nbsp;<\/p>\n<p><strong><em>\u00abUn probl\u00e8me financier ne doit pas emp\u00eacher un enfant de venir \u00e0 Bayen\u00bb<\/em><\/strong><\/p>\n","protected":false},"excerpt":{"rendered":"<p>Camp PRE-ADO 2011 Du 22 juillet au 1 ao\u00fbt Projet P\u00e9dagogique Pour les 12 &#8211; 14 ans&#8211; 20 places Responsables: Claire et Jo\u00ebl BRUN Activit\u00e9s propos\u00e9es : Randonn\u00e9es, bivouacs, activit\u00e9s sportives&#8230; Participation aux frais : 354 \u20ac dont 8 \u20ac de cotisationT\u00e9l\u00e9charger le bulletin d&rsquo;incription : Cliquez ici Camp ENFANTS 2011 du 1 au 8 [&hellip;]<\/p>\n","protected":false},"author":22,"featured_media":0,"parent":0,"menu_order":0,"comment_status":"closed","ping_status":"closed","template":"","meta":{"footnotes":""},"class_list":["post-267","page","type-page","status-publish","hentry"],"_links":{"self":[{"href":"https:\/\/www.assobayen.net\/Wordpress\/wp-json\/wp\/v2\/pages\/267","targetHints":{"allow":["GET"]}}],"collection":[{"href":"https:\/\/www.assobayen.net\/Wordpress\/wp-json\/wp\/v2\/pages"}],"about":[{"href":"https:\/\/www.assobayen.net\/Wordpress\/wp-json\/wp\/v2\/types\/page"}],"author":[{"embeddable":true,"href":"https:\/\/www.assobayen.net\/Wordpress\/wp-json\/wp\/v2\/users\/22"}],"replies":[{"embeddable":true,"href":"https:\/\/www.assobayen.net\/Wordpress\/wp-json\/wp\/v2\/comments?post=267"}],"version-history":[{"count":24,"href":"https:\/\/www.assobayen.net\/Wordpress\/wp-json\/wp\/v2\/pages\/267\/revisions"}],"predecessor-version":[{"id":2553,"href":"https:\/\/www.assobayen.net\/Wordpress\/wp-json\/wp\/v2\/pages\/267\/revisions\/2553"}],"wp:attachment":[{"href":"https:\/\/www.assobayen.net\/Wordpress\/wp-json\/wp\/v2\/media?parent=267"}],"curies":[{"name":"wp","href":"https:\/\/api.w.org\/{rel}","templated":true}]}}