{"id":748,"date":"2012-07-04T20:03:46","date_gmt":"2012-07-04T18:03:46","guid":{"rendered":"https:\/\/www.assobayen.net\/Wordpress\/?page_id=748"},"modified":"2024-02-19T15:17:50","modified_gmt":"2024-02-19T14:17:50","slug":"les-nouvelles-du-camps-ado","status":"publish","type":"page","link":"https:\/\/www.assobayen.net\/Wordpress\/camp\/les-nouvelles-du-camps-ado\/","title":{"rendered":"News Ados 2012"},"content":{"rendered":"<p style=\"text-align: center;\">Retrouvez ici le projet p\u00e9dagogique ados : &nbsp;<a href=\"http:\/\/www.assobayen.net\/ProjetPedagogique\/Projet_Peda_Ados_2012.pdf\">Projet_Peda_Ados_2012<\/a><\/p>\n<hr \/>\n<p><strong>Mercredi 15 ao\u00fbt.<\/strong><\/p>\n<p>Bonsoir,<\/p>\n<p>Apr\u00e8s notre bon repas d&rsquo;hier soir, les jeunes ont improvis\u00e9 une veill\u00e9e \u00ab\u00a0battle\u00a0\u00bb de danse. La plus part d&rsquo;entre eux ont aussi profit\u00e9 d&rsquo;une nuit \u00e0 la belle \u00e9toile devant la grange.<\/p>\n<p>Ce matin, le r\u00e9veil c&rsquo;est \u00e9chelonn\u00e9 jusqu&rsquo;\u00e0 11h. La m\u00e9t\u00e9o nous a jou\u00e9s des tours et nous n&rsquo;avons pas pu aller \u00e0 la piscine. Ceux qui le voulaient sont descendu \u00e0 Luz faire les derni\u00e8res courses. Ce soir, nous pr\u00e9voyons (s&rsquo;il ne pleut pas) d&rsquo;aller au bal des pompiers de Luz pour finir le camp en beaut\u00e9.<\/p>\n<p>Demain nous rangerons la grange puis le bus nous r\u00e9cup\u00e9rera vers 11h45. Ensuite nous prendrons le train \u00e0 12h40 \u00e0 Lourdes et arrivons \u00e0 Bordeaux \u00e0 15h19.<\/p>\n<p>A demain.<\/p>\n<p>&nbsp;<\/p>\n<p><strong>Mardi 14 ao\u00fbt.<\/strong><\/p>\n<p>Bonsoir,<\/p>\n<p>Nous sommes de retour du bivouac. Tout c&rsquo;est tr\u00e8s bien pass\u00e9.<\/p>\n<p>Dimanche, nous sommes parti \u00e0 10h et le bus nous a amen\u00e9 jusqu&rsquo;au lacet du Garet (sous La Mongie). Nous sommes mont\u00e9 au refuge de Campana de Cloutou dans une mer de nuages fra\u00eeche et humide. Nous avons essuy\u00e9 quelques gouttes. Ainsi, nous avons mont\u00e9 le bivouac sans avoir pu appr\u00e9ci\u00e9 la beaut\u00e9 du paysage.<\/p>\n<p>Lundi matin, nous nous sommes lev\u00e9s \u00e0 8h sous un soleil radieux. Notre accompagnatrice C\u00e9cile nous a rejointe pour nous mener au Pic de Bastan. Une ballade facile puis a\u00e9rienne sur la fin. De l\u00e0, nous avions une vue panoramique sur la cha\u00eene des Pyr\u00e9n\u00e9es et particuli\u00e8rement sur le massif du N\u00e9ouvielle. Finalement, nous sommes redescendus au bivouac avec une halte agr\u00e9able pr\u00e8s d&rsquo;un lac.<\/p>\n<p>Apr\u00e8s la deuxi\u00e8me nuit de bivouac, ce matin, nous avons pli\u00e9 les tentes puis sommes redescendus tranquillement sous le soleil pour retrouver le bus au lacet du Garet.<\/p>\n<p>De nouveau, les jeunes ont bien march\u00e9s, et aucune blessure n&rsquo;est \u00e0 d\u00e9plorer (mise \u00e0 part quelques ampoules).<\/p>\n<p>De retour \u00e0 la grange, la priorit\u00e9 reste la douche. Ga\u00eblle nous a pr\u00e9par\u00e9 un super repas (salade landaise, confit de canard et mousse au chocolat) pour nous faire oublier les divers lyophilis\u00e9s, conserves et barres c\u00e9r\u00e9ales de ces trois jours.<\/p>\n<p>Demain journ\u00e9e repos et piscine s&rsquo;il fait beau.<\/p>\n<p>Bonne soir\u00e9e et \u00e0 demain.<\/p>\n<p>&nbsp;<\/p>\n<p><strong>Samedi 11 ao\u00fbt.<\/strong><\/p>\n<p>Bonsoir,<\/p>\n<p>Comme pr\u00e9vu, nous avons aujourd\u2019hui fait l\u2019activit\u00e9 trottin\u2019herbe.<\/p>\n<p>Un groupe ce matin et l\u2019autre cet apr\u00e8s midi.<\/p>\n<p>Nous sommes mont\u00e9s en voiture jusqu\u2019au dessous de la station de Luz Ardiden et, \u00e0 l\u2019aide de trottinettes \u00e0 grosses roues, nous avons emprunt\u00e9s les chemins pour redescendre jusqu\u2019en bas de la vall\u00e9e. 1000 m de d\u00e9nivel\u00e9. Les jeunes \u00e9taient contents et en ont bien profit\u00e9.<\/p>\n<p>Le temps se d\u00e9grade un peu (nuages dans la vall\u00e9e) mais la m\u00e9t\u00e9o s\u2019annonce bonne pour les jours avenir<\/p>\n<p>Nous avons aussi pr\u00e9par\u00e9 le bivouac des jours \u00e0 venir&nbsp;: nous partons demain dimanche vers 10h00, direction la Mongie o\u00f9 nous allons randonner vers le refuge de Campana.de Cloutou.<\/p>\n<p>Nous ferons le premier bivouac pr\u00e8s du refuge. Lundi, un accompagnateur nous guidera jusqu\u2019au pic de Bastan o\u00f9 nous devrions avoir une belle vue sur le massif du N\u00e9ouvielle. Deuxi\u00e8me Nous ferons un deuxi\u00e8me bivouac pr\u00e8s du refuge et nous redescendrons mardi apr\u00e8s midi.<\/p>\n<p>D\u2019ici l\u00e0 nous ne posterons plus de message. Vous aurez des nouvelles de cette belle sortie mardi soir.<\/p>\n<p>D\u2019ici l\u00e0 nous vous souhaitons tous une bonne fin de week-end<\/p>\n<p>A tr\u00e8s bient\u00f4t.<\/p>\n<p>&nbsp;<\/p>\n<p><strong>Vendredi 10 ao\u00fbt.<\/strong><\/p>\n<p>Bonsoir.<\/p>\n<p>Aujourd\u2019hui nous sommes all\u00e9s, comme pr\u00e9vu, au Cot de Y\u00e9ous.<\/p>\n<p>Nous nous sommes lev\u00e9s \u00e0 5h30 (non, vous ne r\u00eavez pas&nbsp;!) pour pouvoir partir \u00e0 6h50. La cause de ce choix d\u2019horaire n\u2019est pas d\u00fb \u00e0 notre sadisme, mais &nbsp;au contraire \u00e0 notre envie de ne pas trop souffrir ni de la chaleur ni du poids des sacs \u00e0 dos (remplis juste d\u2019eau et d\u2019encas).<\/p>\n<p>Dans un premier temps nous sommes descendus depuis la grange jusqu\u2019\u00e0 la route de Luz puis nous sommes remont\u00e9s jusqu\u2019\u00e0 Saligos, d\u00e9part du chemin de la randonn\u00e9e. Nous avons march\u00e9 \u00e0 l\u2019ombre pendant toute la mont\u00e9e jusqu\u2019au Cot. Ce qui est d\u2019autant plus important que le chemin n\u2019est pas facile car la pente est raide.<\/p>\n<p>Une fois de plus, vos enfants ont bien march\u00e9s. Nous avons respect\u00e9 le rythme des plus lents. Nous \u00e9tions au Cot \u00e0 9h50 pour profiter de la vue sur Luz.<\/p>\n<p>Nous avons \u00ab&nbsp;red\u00e9coll\u00e9 \u00bb vers 10h30. Les plus rapides sont partis devant avec Estelle, Beno\u00eet et Fabrice (leur mission&nbsp;: mettre le couvert \u00e0 la grange). Les autres, encadr\u00e9s par Florence et Fabienne ont mis juste une demi-heure de plus. Arriv\u00e9s respectives \u00e0 12h00 et 12h30. Une belle performance pour cette rando&nbsp;!<\/p>\n<p>Apr\u00e8s le d\u00e9jeuner nous nous sommes douch\u00e9s puis beaucoup ont fait une petite sieste. En tout cas, tous se sont repos\u00e9s et ont profit\u00e9s de la grange.<\/p>\n<p>Ce soir nous mangeons du mouton grill\u00e9 de chez Serge (avis aux amateurs) et pour dessert des g\u00e2teaux aux poires faits par Gaelle.<\/p>\n<p>Demain activit\u00e9 Roller\u2019herbe. Je vous en expliquerais les d\u00e9tails dans le prochain message\u2026<\/p>\n<p>Bonne soir\u00e9e et \u00e0 demain.<\/p>\n<p>&nbsp;<\/p>\n<p><strong>Jeudi 9 ao\u00fbt.<\/strong><\/p>\n<p>Bonjour,<\/p>\n<p>Oui, vous pouvez dire que le dernier message a \u00e9t\u00e9 bref, succinct et concis.<\/p>\n<p>Ce n\u2019est pas que nous n\u2019avions rien \u00e0 raconter, au contraire. C\u2019est juste que la fatigue du retour de bivouac nous a emp\u00each\u00e9 d\u2019\u00eatre plus explicites.<\/p>\n<p>Voici donc quelques d\u00e9tails de nos deux jours en montagne&nbsp;:<\/p>\n<p>Nous sommes partis de la grange avant-hier mardi vers 14h00 les sacs \u00e0 dos bien remplis (nourriture pour deux jours, &nbsp;tente, sac de couchage, tapis de sol, v\u00eatements de rechange et brosse \u00e0 dents&nbsp;!).<\/p>\n<p>Le bus nous a d\u00e9pos\u00e9s pr\u00e8s de la sapini\u00e8re de Bu\u00e9e o\u00f9 nous nous sommes approvisionn\u00e9s en bois. Nous avons tranquillement grimp\u00e9s jusqu\u2019au lac de Cestr\u00e8de o\u00f9 nous sommes arriv\u00e9s vers 18h.<\/p>\n<p>Apr\u00e8s avoir d\u00e9termin\u00e9 le lieu du bivouac, nous avons mont\u00e9 les tentes et pr\u00e9par\u00e9 le diner (soupe, semoule, sauce bolognaise, mont blanc et g\u00e2teaux).<\/p>\n<p>D\u00e8s la tomb\u00e9e de la nuit, nous avons fait un feu de camp dans lequel nous avons grill\u00e9s les shamallows (miam miam).<\/p>\n<p>Couch\u00e9s vers 23h00. Lev\u00e9s mercredi \u00e0 7h30.<\/p>\n<p>Nous avons petit-d\u00e9jeuner et rang\u00e9s le campement.<\/p>\n<p>A 9h00 C\u00e9cile, une accompagnatrice de randonn\u00e9e, nous a rejointe. Avec elle nous sommes all\u00e9s au lac Noir o\u00f9 nous avons pique-niqu\u00e9. Jolie randonn\u00e9e mais pas tr\u00e8s facile.<\/p>\n<p>Nous sommes ensuite redescendus d\u2019abord, jusqu\u2019au lac puis jusqu\u2019\u00e0 la sapini\u00e8re o\u00f9 nous attendait la \u00ab&nbsp;Capoumobile&nbsp;\u00bb (notre bus).<\/p>\n<p>De retour \u00e0 la grange vers 18h30, nous avons \u00e9t\u00e9 \u00e0 l\u2019essentiel&nbsp;: laver sa popote, faire caca et se doucher. Cela peut sans doute choquer certains parmi vous, mais ceux qui ont d\u00e9j\u00e0 fait des bivouacs savent de quoi je parle!!!!!<\/p>\n<p>Nous avons ensuite din\u00e9&nbsp;: Gaelle nous avait pr\u00e9par\u00e9 un super chili con carn\u00e9 (dont nous attendons encore les effets\u2026).<\/p>\n<p>Apr\u00e8s le diner, la vaisselle et la veill\u00e9e, nous nous sommes couch\u00e9s.<\/p>\n<p>Aujourd\u2019hui, jeudi, nous sommes en repos. Cela signifie que chacun peut se lever quand il le d\u00e9sire avec deux consignes&nbsp;: \u00eatre discret pour laisser dormir ses camarades et ne petit-d\u00e9jeuner qu\u2019avant 10h00 (les autres attendent midi pour manger).<\/p>\n<p>A 13h30, nous sommes descendus \u00e0 Luz Saint Sauveur pour profiter pleinement de la fraicheur de la piscine et du grand soleil.<\/p>\n<p>Apr\u00e8s quelques emplettes en ville, nous sommes remont\u00e9s \u00e0 pied \u00e0 la grange (Adieu le b\u00e9n\u00e9fice de la piscine&nbsp;!!).<\/p>\n<p>Demain nous ferons une randonn\u00e9e en partant de la grange. Pour ceux qui connaissent&nbsp;: le Clot de Y\u00e9ous.<\/p>\n<p>Bon voila, je pourrais donner encore plus de d\u00e9tails, mais cela serait sans doute trop. Et il faut bien que vos enfants est de quoi vous raconter&nbsp;!<\/p>\n<p>A demain pour plus d\u2019infos.<\/p>\n<p>&nbsp;<\/p>\n<p><strong>Mercredi 8 ao\u00fbt.<\/strong><\/p>\n<p>Bonjour \u00e0 tous.<\/p>\n<p>Nous sommes revenus du bivouac.<\/p>\n<p>Le temps a \u00e9t\u00e9 super.<\/p>\n<p>Nous avons vu des marmottes, 3 beaux lacs et nous avons mang\u00e9 des shamallows grill\u00e9s au feu de camp.<\/p>\n<p>Demain&nbsp;: repos le matin et piscine l\u2019apr\u00e8s-midi.<\/p>\n<p>Bonne nuit et \u00e0 demain.<\/p>\n<p>&nbsp;<\/p>\n<p><strong>Lundi 6 ao\u00fbt.<\/strong><\/p>\n<p>Bonsoir \u00e0 tous,<\/p>\n<p>Voil\u00e0 d\u00e9j\u00e0 4 jours que vous suivez nos p\u00e9rip\u00e9ties bayennaises qui sont depuis quelques jours un peu pluvieuses. Mais coup de th\u00e9\u00e2tre aujourd\u2019hui, le soleil a bien voulu pointer le bout de son nez&nbsp;(ainsi qu\u2019un loir qui a \u00e9lu domicile dans le grenier des sanitaires&nbsp;!)<\/p>\n<p>Au programme&nbsp;:<\/p>\n<ul>\n<li>repos&nbsp;(celui l\u00e0 \u00e9tait pr\u00e9vu au programme&nbsp;!!!) : les jeunes ont encore pu profiter d\u2019une grasse matin\u00e9e.<\/li>\n<li>une \u00ab&nbsp;comp\u00e9tition&nbsp;\u00bb de montage de tente afin de pr\u00e9parer le bivouac pr\u00e9vu demain.<\/li>\n<li>un bon repas concoct\u00e9 par Ga\u00eblle avec l\u2019aide de nos jeunes&nbsp;avec au menu&nbsp;: melon, poulet-ratatouille et pour finir une bonne nectarine.<\/li>\n<li>un anniversaire&nbsp;: Ana\u00efs a f\u00eat\u00e9 aujourd&rsquo;hui ses 14 ans.<\/li>\n<li>un peu de sport (mais pas trop&nbsp;!)&nbsp;: l\u2019apr\u00e8s-midi, direction le GR10 en direction de Grust (village au dessus de Sazos) histoire de remettre un peu les jeunes en jambes pour le bivouac pr\u00e9vu demain.<\/li>\n<\/ul>\n<p>Demain, nous partons l\u2019apr\u00e8s midi en direction du Lac de Cestr\u00e8de, sur le bord duquel nous planterons la tente.<\/p>\n<p>Apr\u00e8s demain, mercredi, un guide de haute montagne nous conduira du lac de Cestr\u00e8de jusqu\u2019au lac Noir ou jusqu\u2019au col de Culaus (suivant la rapidit\u00e9 de &nbsp;marche des jeunes). Nous nous retrouverons donc mercredi soir\u2026<\/p>\n<p>Bon, il va falloir que je vous laisse, l\u2019odeur des tartes tatins aux p\u00eaches en train de cuire dans le four est vraiment intenable&nbsp;!!!<\/p>\n<p>Bonsoir et bon app\u00e9tit bien s\u00fbr&nbsp;!!<\/p>\n<p>&nbsp;<\/p>\n<p><strong>Dimanche 5 ao\u00fbt.<\/strong><\/p>\n<p>Bonsoir,<\/p>\n<p>Ce midi nous avons mang\u00e9 de la saucisse s\u00e8che, du cake aux l\u00e9gumes (carottes, courgette, poivron), du fromage et du flan (vanille et chocolat).<\/p>\n<p>Ce soir nous allons manger des concombres, des spaghettis carbonara, un yaourt nature avec de la confiture (abricot ou framboise).<\/p>\n<p>A part \u00e7a, rien \u00e0 dire, ou plut\u00f4t si&nbsp;:il pleut, il fait orage, le ciel est couvert, il y a du vent, il pleut, il fait une \u00e9claircie pendant 15 minutes, il pleut, &nbsp;il fait orage\u2026et cela depuis hier au soir&nbsp;!!<\/p>\n<p>Nous n\u2019avons pas vu le lac d\u2019Ilh\u00e9ou puisque nous avons pass\u00e9 la journ\u00e9e \u00e0 la grange (l\u00e0 c\u2019est plus la peine de compter&nbsp;\u2026).<\/p>\n<p>Les plus courageux sont quand m\u00eame descendus \u00e0 Luz Saint Sauveur pour faire quelques emplettes. BRAVO&nbsp;! Les autres ont jou\u00e9s aux cartes ou ont pr\u00e9par\u00e9 la veill\u00e9e de ce soir.<\/p>\n<p>Une am\u00e9lioration est pr\u00e9vue pour demain\u2026pourvu que le ciel (bien bouch\u00e9) nous entende !<\/p>\n<p>Les jeunes restent positifs et doivent demain pr\u00e9parer le prochain bivouac (qui doit avoir lieu mardi et mercredi).<\/p>\n<p>Bonne soir\u00e9e bien au chaud et \u00e0 l\u2019abri de la pluie.<\/p>\n<p>A demain.<\/p>\n<p>&nbsp;<\/p>\n<p><strong>Samedi 4 ao\u00fbt.<\/strong><\/p>\n<p>Bonsoir,<\/p>\n<p>Ce matin nous avons tous profit\u00e9 d&rsquo;une grasse matin\u00e9e \u00e0 la grange. Ceux qui le voulaient ont pu dormir, quand les plus l\u00e8ve-t\u00f4t se sont occup\u00e9s calmement \u00e0 la grange.<\/p>\n<p>Nous avons d\u00e9jeun\u00e9 \u00e0 la grange pour partir ensuite en bus \u00e0 H\u00e9as faire du canyoning. Les deux heures de descente dans l&rsquo;eau (froide) et les roch\u00e9s (mouill\u00e9s) nous ont permis de partager des sensations fortes et de souder le groupe. Nous sommes tous heureux de cet apr\u00e8s-midi.<\/p>\n<p>Nous sommes rentr\u00e9 \u00e0 la grange \u00e0 18h30 et avons d\u00e9gust\u00e9 un bon chocolat chaud pr\u00e9par\u00e9 amoureusement par Fabienne.<\/p>\n<p>Apr\u00e8s une bonne douche chaude \u00e0 la grange, nous allons diner et reprendre des forces pour la randonn\u00e9e de demain au Lac d&rsquo;Ilh\u00e9ou (ben \u00e0 la grange \ud83d\ude09 ).<\/p>\n<p>Le temps est toujours couvert \u00e0 la grange, et nous esp\u00e9rons une am\u00e9lioration d\u00e8s lundi.<\/p>\n<p>Question : Combien de fois avez-vous lu le mot \u00ab\u00a0grange\u00a0\u00bb dans ce message ? Ceux qui r\u00e9pondront correctement gagneront une invitation sp\u00e9ciale pour venir \u00e0 l&rsquo;anniversaire des 40 ans de Bayen le 25 ao\u00fbt.<\/p>\n<p>Bonne soir\u00e9e et \u00e0 demain.<\/p>\n<p>&nbsp;<\/p>\n<p><strong>Vendredi 3 ao\u00fbt.<\/strong><\/p>\n<p>Bonjour \u00e0 tous,<\/p>\n<p>Apr\u00e8s un lever matinal, nous sommes partis \u00e0 \u00ab&nbsp;l\u2019ascension&nbsp;\u00bb de la montagne fleurie (700 m\u00e8tres de d\u00e9nivel\u00e9) sous un temps tr\u00e8s nuageux. Apr\u00e8s 2h45-3h de mont\u00e9e, nous avons pu profiter du soleil et admirer la mer de nuages laissant appara\u00eetre entre autre, le col du Tourmalet et le massif du N\u00e9ouvielle.&nbsp; C\u2019est face \u00e0 ce magnifique panorama que nous avons pique-niqu\u00e9 avant de redescendre dans les nuages sur Bar\u00e8ge. Cette randonn\u00e9e a permis aux jeunes de trouver ou de retrouver leur rythme de marche. Les premi\u00e8res ampoules ont fait leur apparition (mais rien de bien m\u00e9chant.)<\/p>\n<p>Demain apr\u00e8s-midi, apr\u00e8s une grasse matin\u00e9e, nous irons faire du canyoning.<\/p>\n<p>Bonne soir\u00e9e et \u00e0 demain.<\/p>\n<p>&nbsp;<\/p>\n<p><strong>Jeudi 2 ao\u00fbt.<\/strong><\/p>\n<p>Bonsoir \u00e0 tous,<\/p>\n<p>Nous sommes bien arriv\u00e9s \u00e0 Bayen en fin d&rsquo;apr\u00e8s-midi sous un ciel un peu nuageux. Nous avons retrouv\u00e9 Fabienne (directrice) et Ga\u00eblle (cuisini\u00e8re) \u00e0 la grange. Les jeunes se sont install\u00e9s, les filles dans la grange, les gar\u00e7ons sous la tente. Les nouveaux ont pu d\u00e9couvrir les lieux.<\/p>\n<p>Demain nous nous l\u00e8verons t\u00f4t pour une randonn\u00e9e \u00e0 la montagne fleurie, pr\u00e8s de Bar\u00e8ges. Cette mise en jambe nous permettra de nous (r\u00e9)habituer \u00e0 notre mat\u00e9riel, et (re)prendre doucement un rythme bayennais.<\/p>\n<p>A demain pour un compte rendu sur nos premi\u00e8res sensations montagnardes.<\/p>\n<p>&nbsp;<\/p>\n<p><strong>&nbsp;Mardi 31 juillet.&nbsp;<\/strong><\/p>\n<p>Jour J moins 2 !<\/p>\n<p>Bient\u00f4t le camp !<\/p>\n<p>Retrouvez-nous \u00e0 partir du jeudi 2 ao\u00fbt.<\/p>\n<p>&nbsp;<\/p>\n","protected":false},"excerpt":{"rendered":"<p>Retrouvez ici le projet p\u00e9dagogique ados : &nbsp;Projet_Peda_Ados_2012 Mercredi 15 ao\u00fbt. Bonsoir, Apr\u00e8s notre bon repas d&rsquo;hier soir, les jeunes ont improvis\u00e9 une veill\u00e9e \u00ab\u00a0battle\u00a0\u00bb de danse. La plus part d&rsquo;entre eux ont aussi profit\u00e9 d&rsquo;une nuit \u00e0 la belle \u00e9toile devant la grange. Ce matin, le r\u00e9veil c&rsquo;est \u00e9chelonn\u00e9 jusqu&rsquo;\u00e0 11h. La m\u00e9t\u00e9o nous [&hellip;]<\/p>\n","protected":false},"author":22,"featured_media":0,"parent":518,"menu_order":0,"comment_status":"closed","ping_status":"closed","template":"","meta":{"footnotes":""},"class_list":["post-748","page","type-page","status-publish","hentry"],"_links":{"self":[{"href":"https:\/\/www.assobayen.net\/Wordpress\/wp-json\/wp\/v2\/pages\/748","targetHints":{"allow":["GET"]}}],"collection":[{"href":"https:\/\/www.assobayen.net\/Wordpress\/wp-json\/wp\/v2\/pages"}],"about":[{"href":"https:\/\/www.assobayen.net\/Wordpress\/wp-json\/wp\/v2\/types\/page"}],"author":[{"embeddable":true,"href":"https:\/\/www.assobayen.net\/Wordpress\/wp-json\/wp\/v2\/users\/22"}],"replies":[{"embeddable":true,"href":"https:\/\/www.assobayen.net\/Wordpress\/wp-json\/wp\/v2\/comments?post=748"}],"version-history":[{"count":25,"href":"https:\/\/www.assobayen.net\/Wordpress\/wp-json\/wp\/v2\/pages\/748\/revisions"}],"predecessor-version":[{"id":2346,"href":"https:\/\/www.assobayen.net\/Wordpress\/wp-json\/wp\/v2\/pages\/748\/revisions\/2346"}],"up":[{"embeddable":true,"href":"https:\/\/www.assobayen.net\/Wordpress\/wp-json\/wp\/v2\/pages\/518"}],"wp:attachment":[{"href":"https:\/\/www.assobayen.net\/Wordpress\/wp-json\/wp\/v2\/media?parent=748"}],"curies":[{"name":"wp","href":"https:\/\/api.w.org\/{rel}","templated":true}]}}