{"id":751,"date":"2012-07-04T20:07:09","date_gmt":"2012-07-04T18:07:09","guid":{"rendered":"https:\/\/www.assobayen.net\/Wordpress\/?page_id=751"},"modified":"2024-02-19T15:17:50","modified_gmt":"2024-02-19T14:17:50","slug":"les-news-du-camps-enfants","status":"publish","type":"page","link":"https:\/\/www.assobayen.net\/Wordpress\/camp\/les-news-du-camps-enfants\/","title":{"rendered":"News Enfants 2012"},"content":{"rendered":"<p style=\"text-align: center;\">Retrouvez ici le projet p\u00e9dagogique enfant : <a title=\"Projet Peda enfants\" href=\"http:\/\/www.assobayen.net\/ProjetPedagogique\/Projet_Peda_enfant_2012.pdf\" target=\"_blank\" rel=\"noopener\">Projet P\u00e9dagogique<\/a><\/p>\n<hr \/>\n<p>&nbsp;<\/p>\n<p><strong>Dimanche 29 juillet<\/strong><\/p>\n<p>Hier soir nous avons fait une veill\u00e9e d\u2019improvisation th\u00e9\u00e2trale&nbsp;; les enfants avaient un canevas \u00e0 partir duquel ils devaient, \u00e0 plusieurs, inventer une histoire et la jouer, en s\u2019aidant des d\u00e9guisements et accessoires \u00e0 leur disposition. Nous avons pu voir des sayn\u00e8tes tr\u00e8s amusantes&nbsp;!<\/p>\n<p>Ce matin les enfants ont eu des chocolatines au petit d\u00e9jeuner pour f\u00eater le dernier \u00ab&nbsp;vrai&nbsp;\u00bb jour du camp, et ils ont pu faire leurs emplettes \u00e0 Luz, pour rapporter de magnifiques souvenirs de leur semaine pyr\u00e9n\u00e9enne.<\/p>\n<p>Apr\u00e8s le d\u00e9jeuner, nous avons fait des petits jeux et une partie de Twister g\u00e9ant, puis nous sommes all\u00e9s \u00e0 la Ferme des Cascades pour assister \u00e0 la traite des ch\u00e8vres.<\/p>\n<p>Les enfants ont d\u00e9j\u00e0 commenc\u00e9 \u00e0 ranger leurs affaires. Ce soir, nous allons faire un repas m\u00e9di\u00e9val, aux chandelles, et sans fourchette, puisqu\u2019il n\u2019y en avait pas au Moyen \u00c2ge&nbsp;! Au menu, p\u00e2t\u00e9, confit de canard et pur\u00e9e de pois cass\u00e9s, et g\u00e2teau aux poires. Apr\u00e8s le repas, place \u00e0 la danse, avec la traditionnelle boom de fin de s\u00e9jour.<\/p>\n<p>Demain, il faudra finir de tout ranger, et surtout tout nettoyer afin de laisser la grange impeccable pour le camp ados. Ensuite nous quitterons la grange pour reprendre le train. Le rendez-vous \u00e0 la gare Saint Jean est au point rencontre \u00e0 17h20.<\/p>\n<p>Bonne soir\u00e9e \u00e0 tous&nbsp;!<\/p>\n<p>&nbsp;<\/p>\n<p><strong>Samedi 28 juillet&nbsp;:<\/strong><\/p>\n<p>Aujourd\u2019hui le temps a \u00e9t\u00e9 brumeux, mais nous avons eu la chance d\u2019\u00e9chapper \u00e0 la pluie&nbsp;! Ce matin certains enfants ont termin\u00e9 leur d\u00e9guisement, pendant que d\u2019autres sont all\u00e9s dans le village de Sazos voir les moulins.<\/p>\n<p>Le grand jeu a commenc\u00e9 \u00e0 14h. Les enfants \u00e9taient d\u00e9guis\u00e9s en chevaliers, avec leur bouclier, leur casque ou leur couronne, et une tunique blanche. Ils devaient r\u00e9ussir plusieurs \u00e9preuves pour prouver qu\u2019ils m\u00e9ritaient d\u2019\u00eatre adoub\u00e9s chevaliers. Grace \u00e0 des \u00e9nigmes, les quatre \u00e9quipes ont trouv\u00e9 les diff\u00e9rents lieux d\u2019\u00e9preuves et ont jou\u00e9 \u00e0 divers jeux comme le tir \u00e0 l\u2019arc, le loto des odeurs, un puzzle g\u00e9ant \u00e0 assembler, le lancer de fer \u00e0 cheval, un chamboule-tout avec des catapultes miniatures, etc. Tout s\u2019est pass\u00e9 dans la bonne humeur et sous le regard bienveillant des habitants, et deux enfants du village ont m\u00eame jou\u00e9 avec nous. Tout les chevaliers ont \u00e9t\u00e9 adoub\u00e9s, et l\u2019\u00e9quipe qui a gagn\u00e9 le plus de point recevra une r\u00e9compense ce soir.<\/p>\n<p>Demain, les enfants pourront faire leur shopping \u00e0 Luz le matin, et nous d\u00e9ciderons du programme de l\u2019apr\u00e8s-midi en fonction du temps. Ce sera d\u00e9j\u00e0 le dernier jour\u2026 cela passe trop vite&nbsp;!<\/p>\n<p>A demain&nbsp;!<\/p>\n<p>&nbsp;<\/p>\n<p><strong>Vendredi 27 juillet&nbsp;:<\/strong><\/p>\n<p>Bonjour !<\/p>\n<p>La veill\u00e9e d\u2019hier soir a \u00e9t\u00e9 un succ\u00e8s&nbsp;; nous avions fait un feu dans la chemin\u00e9e pour faire griller des chamalows et nous avons jou\u00e9 au Loup Garou&nbsp;; dans un village, certains sont de simples villageois, d\u2019autres des loups garous&nbsp;; les loups garous tuent un villageois la nuit, et le jour le village d\u00e9lib\u00e8re pour d\u00e9terminer qui sont les loups garous et en tuer un. Le premier groupe \u00e0 \u00eatre enti\u00e8rement d\u00e9cim\u00e9 a perdu. Apr\u00e8s la partie, nous avons racont\u00e9 un conte aux enfants pour faire retomber l\u2019excitation du jeu avant de s\u2019endormir.<\/p>\n<p>Ce matin nous avons fait deux groupes parmi les enfants&nbsp;; \u00e9tant donn\u00e9 qu\u2019il ne pleuvait pas, ceux qui le d\u00e9siraient sont partis faire une balade au col de Riou. Ils ont eu la chance d\u2019observer des faucons et des vautours, cette fois dans leur milieu naturel. Les autres ont pr\u00e9f\u00e9r\u00e9 rester \u00e0 la grange et faire des activit\u00e9s manuelles et des petits jeux, qui ont \u00e9galement occup\u00e9 l\u2019apr\u00e8s-midi. Tous les enfants ont fabriqu\u00e9 une panoplie de chevalier&nbsp;: un bouclier sur lequel ils ont peint un blason, et un heaume \u00e0 visi\u00e8re, ou une couronne. En parall\u00e8le, ils ont pu s\u2019entrainer au tir \u00e0 l\u2019arc et au jeu de \u00ab&nbsp;l\u2019\u00e9crase-noix \u00bb, afin de se pr\u00e9parer pour le grand jeu de demain.<\/p>\n<p>Il ne s\u2019est mis \u00e0 pleuvoir qu\u2019en fin d\u2019apr\u00e8s-midi. S\u2019il n\u2019y a pas d\u2019\u00e9claircie, nous ferons les grillades de ce soir dans la chemin\u00e9e, avant de refaire un jeu du Loup Garou, \u00e0 la demande des enfants qui ne s\u2019en lassent pas. Nous avons d\u00e9plac\u00e9 le grand jeu \u00e0 demain, car il ne devrait pleuvoir que dans la soir\u00e9e, comme aujourd\u2019hui. La m\u00e9t\u00e9o de dimanche \u00e9tant plus incertaine, nous d\u00e9ciderons du programme sur le moment.<\/p>\n<p>Bonne soir\u00e9e \u00e0 tous&nbsp;!<\/p>\n<p>&nbsp;<\/p>\n<p><strong>&nbsp;Jeudi 26 juillet&nbsp;: <\/strong><\/p>\n<p>Hier soir, nous avons fait une grande veill\u00e9e plac\u00e9e sous le signe du Moyen \u00c2ge&nbsp;; les apprentis chevaliers et princesses ont d\u00fb lancer des fers \u00e0 cheval sur un piquet ou encore faire tenir des livres sur leur t\u00eate gr\u00e2ce \u00e0 un maintien parfait&nbsp;! Ensuite, nous leur avons cont\u00e9 la l\u00e9gende de Roland de Roncevaux.<\/p>\n<p>Ce matin, nous sommes all\u00e9s \u00e0 l\u2019accrobranche \u00e0 Luz. Il faisait bon \u00eatre sous les arbres car il a fait tr\u00e8s chaud. Les enfants se sont beaucoup amus\u00e9s avec les filets, les ponts de singe et les tyroliennes, \u00e0 travers diff\u00e9rents parcours. Apr\u00e8s avoir pique-niqu\u00e9 sur le site, nous sommes partis pour le Donjon des Aigles. Il s\u2019agit d\u2019un parc zoologique consacr\u00e9 aux rapaces situ\u00e9 dans un ancien ch\u00e2teau m\u00e9di\u00e9val. Nous avons pu admirer les oiseaux de pr\u00e8s, et en vol lors de la d\u00e9monstration&nbsp;; les vautours volent tr\u00e8s bas et ont m\u00eame effleur\u00e9 des spectateurs, et les perroquets se sont pos\u00e9s sur les bras de certains enfants. Quelques averses nous ont rafraichis pendant le spectacle.<\/p>\n<p>Ce soir, le temps est orageux. Nous avons pr\u00e9vu une veill\u00e9e consacr\u00e9e au jeu du Loup Garou. Demain, la m\u00e9t\u00e9o pr\u00e9voit de la pluie, nous allons rester \u00e0 la grange et faire des activit\u00e9s manuelles et des petits jeux.<\/p>\n<p>A demain soir&nbsp;!<\/p>\n<p>&nbsp;<\/p>\n<p><strong>Mercredi 25 juillet&nbsp;:<\/strong><\/p>\n<p>Apr\u00e8s une veill\u00e9e faite de petits jeux divers et une bonne nuit de sommeil, les enfants se sont lev\u00e9s \u00e0 6h30 pour partir en balade. Nous avons bien fait de partir t\u00f4t puisqu\u2019il a fait jusqu\u2019\u00e0 30\u00b0 dans l\u2019apr\u00e8s-midi&nbsp;!<\/p>\n<p>Depuis la cabane de Groutte dans le cirque de Troumouse, nous avons rejoint le cirque d\u2019Estaub\u00e9, sous un tr\u00e8s beau soleil. Nous avons pique-niqu\u00e9 pr\u00e8s d\u2019un torrent, et les enfants ont pu s\u2019amuser avec l\u2019eau et jouer \u00e0 construire des barrages. Nous avons m\u00eame eu la chance de voir des marmottes, parfois de tr\u00e8s pr\u00e8s. Ensuite nous avons long\u00e9 le lac des Gloriettes, d\u2019un bleu magnifique, jusqu\u2019au barrage, et nous sommes redescendus vers le parking o\u00f9 nous attendait le bus.<\/p>\n<p>Apr\u00e8s ces deux jours de marche, les enfants go\u00fbtent un repos bien m\u00e9rit\u00e9 \u00e0 la grange jusqu\u2019au repas du soir. Apr\u00e8s le d\u00eener, nous ferons une veill\u00e9e sur le th\u00e8me du Moyen-\u00c2ge. Demain, nous irons \u00e0 l\u2019accrobranche le matin, et au Donjon des aigles l\u2019apr\u00e8s midi, pour la derni\u00e8re journ\u00e9e de beau temps. La pluie risque de nous accompagner pour le reste du s\u00e9jour, mais nous adapterons le programme en temps voulu, pour profiter de la moindre \u00e9claircie&nbsp;!<\/p>\n<p>Bonne soir\u00e9e&nbsp;!<\/p>\n<p>&nbsp;<\/p>\n<p><strong>Mardi 24 juillet&nbsp;:<\/strong><\/p>\n<p>Bonjour \u00e0 tous&nbsp;!<\/p>\n<p>Aujourd\u2019hui nous avons fait la premi\u00e8re balade avec un temps magnifique, rafraichi par une petite brise bienvenue. Nous sommes all\u00e9s \u00e0 Saligos, Esqui\u00e8ze-S\u00e8re et jusqu\u2019au ch\u00e2teau Sainte Marie. Cette marche avait la particularit\u00e9 d\u2019\u00eatre rythm\u00e9e par un conte&nbsp;; aux diff\u00e9rentes haltes de la balade correspondait un \u00e9pisode de l\u2019histoire, plac\u00e9e sous le signe du Moyen \u00c2ge bien s\u00fbr, puisqu\u2019il s\u2019agit du th\u00e8me de cette ann\u00e9e. Une jeune fille, ayant rencontr\u00e9 l\u2019amour \u00e0 un bal, refuse le mariage arrang\u00e9 par ses parents et d\u00e9clenche une guerre entre deux familles nobles de la r\u00e9gion, dont l\u2019une occupait justement le ch\u00e2teau Sainte Marie, o\u00f9 se termine l\u2019aventure, par un mariage heureux, \u00e9videmment.<\/p>\n<p>Apr\u00e8s avoir pique-niqu\u00e9 au ch\u00e2teau, nous sommes redescendus sur Luz pour visiter l\u2019\u00e9glise dite des Templiers, une \u00e9glise fortifi\u00e9e du XI\u00e8me si\u00e8cle. Ensuite, les enfants sont all\u00e9es \u00e0 la piscine, pour profiter du beau temps tant qu\u2019il dure.<\/p>\n<p>En effet, la m\u00e9t\u00e9o pr\u00e9voit de la pluie \u00e0 partir de jeudi dans l\u2019apr\u00e8s-midi, de sorte que nous avons d\u00fb revoir enti\u00e8rement le programme. Alors que nous devions faire des activit\u00e9s manuelles \u00e0 la grange demain matin et aller au Donjon des aigles l\u2019apr\u00e8s midi, nous avons d\u00e9cid\u00e9 de profiter des bonnes conditions m\u00e9t\u00e9o pour aller en montagne, faire une balade dans le cirque de Troumouse. La veill\u00e9e de ce soir sera donc assez courte, parce que nous devons partir t\u00f4t pour marcher avant le pic de la chaleur.<\/p>\n<p>A demain pour des nouvelles fraiches&nbsp;!<\/p>\n<p>&nbsp;<\/p>\n<p><strong>Lundi 23 juillet&nbsp;: <\/strong><\/p>\n<p>Tout le monde est bien arriv\u00e9 \u00e0 Sazos, o\u00f9 il fait tr\u00e8s beau.<\/p>\n<p>Les enfants ont pu d\u00e9couvrir la grange et s\u2019installer, les filles dans le dortoir et les gar\u00e7ons dans la grande tente.<\/p>\n<p>Ils ont \u00e9labor\u00e9 les r\u00e8gles de vie avec les animateurs et constitu\u00e9 des groupes pour les \u00ab&nbsp;services&nbsp;\u00bb quotidiens, d\u00e9barrassage, vaisselle etc.<\/p>\n<p>Ce soir apr\u00e8s le repas aura lieu la premi\u00e8re veill\u00e9e&nbsp;; les animateurs ont pr\u00e9vu des petits jeux qui permettront aux enfants de faire connaissance et de retenir tous les pr\u00e9noms.<\/p>\n<p>Demain, nous ferons une balade aux alentours de Luz Saint Sauveur, en direction du ch\u00e2teau Sainte Marie.<\/p>\n<p>Bonne soir\u00e9e \u00e0 tous&nbsp;!<\/p>\n<p>&nbsp;<\/p>\n","protected":false},"excerpt":{"rendered":"<p>Retrouvez ici le projet p\u00e9dagogique enfant : Projet P\u00e9dagogique &nbsp; Dimanche 29 juillet Hier soir nous avons fait une veill\u00e9e d\u2019improvisation th\u00e9\u00e2trale&nbsp;; les enfants avaient un canevas \u00e0 partir duquel ils devaient, \u00e0 plusieurs, inventer une histoire et la jouer, en s\u2019aidant des d\u00e9guisements et accessoires \u00e0 leur disposition. Nous avons pu voir des sayn\u00e8tes [&hellip;]<\/p>\n","protected":false},"author":22,"featured_media":0,"parent":518,"menu_order":0,"comment_status":"closed","ping_status":"closed","template":"","meta":{"footnotes":""},"class_list":["post-751","page","type-page","status-publish","hentry"],"_links":{"self":[{"href":"https:\/\/www.assobayen.net\/Wordpress\/wp-json\/wp\/v2\/pages\/751","targetHints":{"allow":["GET"]}}],"collection":[{"href":"https:\/\/www.assobayen.net\/Wordpress\/wp-json\/wp\/v2\/pages"}],"about":[{"href":"https:\/\/www.assobayen.net\/Wordpress\/wp-json\/wp\/v2\/types\/page"}],"author":[{"embeddable":true,"href":"https:\/\/www.assobayen.net\/Wordpress\/wp-json\/wp\/v2\/users\/22"}],"replies":[{"embeddable":true,"href":"https:\/\/www.assobayen.net\/Wordpress\/wp-json\/wp\/v2\/comments?post=751"}],"version-history":[{"count":29,"href":"https:\/\/www.assobayen.net\/Wordpress\/wp-json\/wp\/v2\/pages\/751\/revisions"}],"predecessor-version":[{"id":2347,"href":"https:\/\/www.assobayen.net\/Wordpress\/wp-json\/wp\/v2\/pages\/751\/revisions\/2347"}],"up":[{"embeddable":true,"href":"https:\/\/www.assobayen.net\/Wordpress\/wp-json\/wp\/v2\/pages\/518"}],"wp:attachment":[{"href":"https:\/\/www.assobayen.net\/Wordpress\/wp-json\/wp\/v2\/media?parent=751"}],"curies":[{"name":"wp","href":"https:\/\/api.w.org\/{rel}","templated":true}]}}